{"id":510,"date":"2023-01-19T19:41:18","date_gmt":"2023-01-19T18:41:18","guid":{"rendered":"https:\/\/consrecife.esteri.it\/?page_id=510"},"modified":"2023-04-06T20:27:53","modified_gmt":"2023-04-06T18:27:53","slug":"visto-de-transito","status":"publish","type":"page","link":"https:\/\/consrecife.esteri.it\/pt\/servizi-consolari-e-visti\/servizi-per-il-cittadino-straniero\/visti\/tipos-de-vistos\/visto-de-transito\/","title":{"rendered":"Visto de tr\u00e2nsito"},"content":{"rendered":"<p>A depender da cidadania da pessoa que viaja, em alguns casos pode ser solicitado um visto de tr\u00e2nsito mesmo em casos de perman\u00eancia dentro do aeroporto.<\/p>\n<p>Para este tipo de visto, \u00e9 necess\u00e1rio informar a real necessidade escrevendo para <a href=\"mailto:visti.recife@esteri.it\">visti.recife@esteri.it<\/a><\/p>\n<p>Em caso de necessidade comprovada, devem ser apresentados ao Consulado os seguintes documentos:<\/p>\n<p>&#8211;\u00a0 \u00a0C\u00f3pia autenticada do RNE para os estrangeiros residentes regularmente no Brasil;<\/p>\n<p>&#8211;\u00a0 \u00a0<strong><a href=\"https:\/\/consrecife.esteri.it\/consolato_recife\/resource\/doc\/2022\/07\/formulario_c.pdf\" target=\"_blank\" rel=\"noopener\">Formul\u00e1rio C<\/a><\/strong> preenchido;<\/p>\n<p>&#8211;\u00a0 \u00a0<a href=\"https:\/\/consrecife.esteri.it\/consolato_recife\/resource\/doc\/2022\/07\/modulo_di_riassunto.doc\" target=\"_blank\" rel=\"noopener\"><strong>Formul\u00e1rio resumido<\/strong><\/a>, preenchido digitalmente;<\/p>\n<p>&#8211;\u00a0 \u00a0Seguro Viagem;<\/p>\n<p>&#8211;\u00a0 \u00a0Reserva do voo, sempre lembrando que ao comprar a passagem ser\u00e1 necess\u00e1rio manter o itiner\u00e1rio, inclu\u00edndo as cidades e os aeroportos que forem informados a este Consulado;<\/p>\n<p>&#8211;\u00a0 \u00a0Pagamento da taxa consular indicado em nosso site na p\u00e1gina \u201c<a href=\"https:\/\/consrecife.esteri.it\/pt\/chi-siamo\/la-rete-consolare\/taxas-consulares\/\"><strong>taxas consulares<\/strong><\/a>\u201d;<\/p>\n<p>&#8211;\u00a0 \u00a0Toda a documenta\u00e7\u00e3o elencada na se\u00e7\u00e3o \u201cINFORMA\u00c7\u00d5ES GERAIS PARA TODOS OS TIPOS DE VISTO\/1. <a href=\"https:\/\/consrecife.esteri.it\/pt\/servizi-consolari-e-visti\/servizi-per-il-cittadino-straniero\/visti\/tipos-de-vistos\/\"><strong>Documenta\u00e7\u00e3o<\/strong><\/a>\u201d.<\/p>\n<p><strong>Os brasileiros n\u00e3o precisam de visto de tr\u00e2nsito.<\/strong><\/p>\n","protected":false},"excerpt":{"rendered":"A depender da cidadania da pessoa que viaja, em alguns casos pode ser solicitado um visto de tr\u00e2nsito mesmo em casos de perman\u00eancia dentro do aeroporto. Para este tipo de visto, \u00e9 necess\u00e1rio informar a real necessidade escrevendo para visti.recife@esteri.it Em caso de necessidade comprovada, devem ser apresentados ao Consulado os seguintes documentos: &#8211;\u00a0 \u00a0C\u00f3pia [&hellip;]","protected":false},"author":4,"featured_media":0,"parent":487,"menu_order":0,"comment_status":"closed","ping_status":"closed","template":"","meta":{"footnotes":""},"class_list":["post-510","page","type-page","status-publish","hentry"],"_links":{"self":[{"href":"https:\/\/consrecife.esteri.it\/pt\/wp-json\/wp\/v2\/pages\/510","targetHints":{"allow":["GET"]}}],"collection":[{"href":"https:\/\/consrecife.esteri.it\/pt\/wp-json\/wp\/v2\/pages"}],"about":[{"href":"https:\/\/consrecife.esteri.it\/pt\/wp-json\/wp\/v2\/types\/page"}],"author":[{"embeddable":true,"href":"https:\/\/consrecife.esteri.it\/pt\/wp-json\/wp\/v2\/users\/4"}],"replies":[{"embeddable":true,"href":"https:\/\/consrecife.esteri.it\/pt\/wp-json\/wp\/v2\/comments?post=510"}],"version-history":[{"count":0,"href":"https:\/\/consrecife.esteri.it\/pt\/wp-json\/wp\/v2\/pages\/510\/revisions"}],"up":[{"embeddable":true,"href":"https:\/\/consrecife.esteri.it\/pt\/wp-json\/wp\/v2\/pages\/487"}],"wp:attachment":[{"href":"https:\/\/consrecife.esteri.it\/pt\/wp-json\/wp\/v2\/media?parent=510"}],"curies":[{"name":"wp","href":"https:\/\/api.w.org\/{rel}","templated":true}]}}