{"id":512,"date":"2023-01-19T19:42:00","date_gmt":"2023-01-19T18:42:00","guid":{"rendered":"https:\/\/consrecife.esteri.it\/?page_id=512"},"modified":"2023-11-27T13:21:15","modified_gmt":"2023-11-27T16:21:15","slug":"visto-para-residencia-eletiva","status":"publish","type":"page","link":"https:\/\/consrecife.esteri.it\/pt\/servizi-consolari-e-visti\/servizi-per-il-cittadino-straniero\/visti\/tipos-de-vistos\/visto-para-residencia-eletiva\/","title":{"rendered":"Visto para resid\u00eancia eletiva"},"content":{"rendered":"<p>O visto de resid\u00eancia eletiva permite a entrada na It\u00e1lia, para fins de resid\u00eancia, ao estrangeiro que pretenda se estabelecer em nosso pa\u00eds e que demonstre possuir recursos suficientes para se sustentar de forma independente, sem exercer qualquer atividade laboral.<\/p>\n<p>O candidato tamb\u00e9m dever\u00e1 demonstrar:<\/p>\n<p>1) a disponibilidade de uma moradia a ser escolhida como resid\u00eancia (propriedade de um imovel, contrato de aluguel de minimo um ano, outras formas de demonstra\u00e7\u00e3o poder\u00e3o ser avaliadas);<\/p>\n<p>2) recursos econ\u00f3micos (pens\u00f5es, anuidades, im\u00f3veis, atividades econ\u00f3mico-comerciais est\u00e1veis \u200b\u200bou provenientes de outras fontes que n\u00e3o o trabalho assalariado).<\/p>\n<p>Uma vez que o estrangeiro tenha entrado legalmente na It\u00e1lia, dever\u00e1, no prazo de 8 dias, apresentar um pedido espec\u00edfico de autoriza\u00e7\u00e3o de resid\u00eancia.<\/p>\n<p>Para mais informa\u00e7\u00f5es sobre este tipo de visto, escreva para <a href=\"mailto:visti.recife@esteri.it\">visti.recife@esteri.it<\/a><\/p>\n","protected":false},"excerpt":{"rendered":"O visto de resid\u00eancia eletiva permite a entrada na It\u00e1lia, para fins de resid\u00eancia, ao estrangeiro que pretenda se estabelecer em nosso pa\u00eds e que demonstre possuir recursos suficientes para se sustentar de forma independente, sem exercer qualquer atividade laboral. O candidato tamb\u00e9m dever\u00e1 demonstrar: 1) a disponibilidade de uma moradia a ser escolhida como [&hellip;]","protected":false},"author":4,"featured_media":0,"parent":487,"menu_order":0,"comment_status":"closed","ping_status":"closed","template":"","meta":{"footnotes":""},"class_list":["post-512","page","type-page","status-publish","hentry"],"_links":{"self":[{"href":"https:\/\/consrecife.esteri.it\/pt\/wp-json\/wp\/v2\/pages\/512","targetHints":{"allow":["GET"]}}],"collection":[{"href":"https:\/\/consrecife.esteri.it\/pt\/wp-json\/wp\/v2\/pages"}],"about":[{"href":"https:\/\/consrecife.esteri.it\/pt\/wp-json\/wp\/v2\/types\/page"}],"author":[{"embeddable":true,"href":"https:\/\/consrecife.esteri.it\/pt\/wp-json\/wp\/v2\/users\/4"}],"replies":[{"embeddable":true,"href":"https:\/\/consrecife.esteri.it\/pt\/wp-json\/wp\/v2\/comments?post=512"}],"version-history":[{"count":1,"href":"https:\/\/consrecife.esteri.it\/pt\/wp-json\/wp\/v2\/pages\/512\/revisions"}],"predecessor-version":[{"id":2587,"href":"https:\/\/consrecife.esteri.it\/pt\/wp-json\/wp\/v2\/pages\/512\/revisions\/2587"}],"up":[{"embeddable":true,"href":"https:\/\/consrecife.esteri.it\/pt\/wp-json\/wp\/v2\/pages\/487"}],"wp:attachment":[{"href":"https:\/\/consrecife.esteri.it\/pt\/wp-json\/wp\/v2\/media?parent=512"}],"curies":[{"name":"wp","href":"https:\/\/api.w.org\/{rel}","templated":true}]}}