{"id":514,"date":"2023-01-19T19:42:47","date_gmt":"2023-01-19T18:42:47","guid":{"rendered":"https:\/\/consrecife.esteri.it\/?page_id=514"},"modified":"2026-01-27T16:03:58","modified_gmt":"2026-01-27T19:03:58","slug":"visto-para-pessoas-casadas-com-cidadaos-italianos","status":"publish","type":"page","link":"https:\/\/consrecife.esteri.it\/pt\/servizi-consolari-e-visti\/servizi-per-il-cittadino-straniero\/visti\/tipos-de-vistos\/visto-para-pessoas-casadas-com-cidadaos-italianos\/","title":{"rendered":"Visto para pessoas casadas com cidad\u00e3os italianos"},"content":{"rendered":"<p>As pessoas casadas com cidad\u00e3os italianos n\u00e3o precisam de visto para entrar na It\u00e1lia.<\/p>\n<p>Naturalmente, devem comprovar \u00e0s autoridades italianas que de fato s\u00e3o casadas. Para informa\u00e7\u00f5es sobre como comprovar, escrever para anagrafe.recife@esteri.it<\/p>\n<p>&nbsp;<\/p>\n","protected":false},"excerpt":{"rendered":"As pessoas casadas com cidad\u00e3os italianos n\u00e3o precisam de visto para entrar na It\u00e1lia. Naturalmente, devem comprovar \u00e0s autoridades italianas que de fato s\u00e3o casadas. Para informa\u00e7\u00f5es sobre como comprovar, escrever para anagrafe.recife@esteri.it &nbsp;","protected":false},"author":4,"featured_media":0,"parent":487,"menu_order":0,"comment_status":"closed","ping_status":"closed","template":"","meta":{"footnotes":""},"class_list":["post-514","page","type-page","status-publish","hentry"],"_links":{"self":[{"href":"https:\/\/consrecife.esteri.it\/pt\/wp-json\/wp\/v2\/pages\/514","targetHints":{"allow":["GET"]}}],"collection":[{"href":"https:\/\/consrecife.esteri.it\/pt\/wp-json\/wp\/v2\/pages"}],"about":[{"href":"https:\/\/consrecife.esteri.it\/pt\/wp-json\/wp\/v2\/types\/page"}],"author":[{"embeddable":true,"href":"https:\/\/consrecife.esteri.it\/pt\/wp-json\/wp\/v2\/users\/4"}],"replies":[{"embeddable":true,"href":"https:\/\/consrecife.esteri.it\/pt\/wp-json\/wp\/v2\/comments?post=514"}],"version-history":[{"count":1,"href":"https:\/\/consrecife.esteri.it\/pt\/wp-json\/wp\/v2\/pages\/514\/revisions"}],"predecessor-version":[{"id":5437,"href":"https:\/\/consrecife.esteri.it\/pt\/wp-json\/wp\/v2\/pages\/514\/revisions\/5437"}],"up":[{"embeddable":true,"href":"https:\/\/consrecife.esteri.it\/pt\/wp-json\/wp\/v2\/pages\/487"}],"wp:attachment":[{"href":"https:\/\/consrecife.esteri.it\/pt\/wp-json\/wp\/v2\/media?parent=514"}],"curies":[{"name":"wp","href":"https:\/\/api.w.org\/{rel}","templated":true}]}}