{"id":5273,"date":"2026-01-16T09:55:25","date_gmt":"2026-01-16T12:55:25","guid":{"rendered":"https:\/\/consrecife.esteri.it\/?page_id=5273"},"modified":"2026-03-03T15:30:40","modified_gmt":"2026-03-03T18:30:40","slug":"referendo-constitucional-confirmatorio-2026","status":"publish","type":"page","link":"https:\/\/consrecife.esteri.it\/pt\/servizi-consolari-e-visti\/servizi-per-il-cittadino-italiano\/servizi-elettorali\/eleicoes-politicas-e-referendum\/referendo-constitucional-confirmatorio-2026\/","title":{"rendered":"REFERENDO CONSTITUCIONAL CONFIRMAT\u00d3RIO 2026"},"content":{"rendered":"<p>Por decreto do Presidente da Rep\u00fablica de 13\/01\/2026, publicado no Di\u00e1rio Oficial da Rep\u00fablica Italiana em 14\/01\/2026, foi fixada para os dias\u00a0<strong>22 e 23 de MAR\u00c7O de 2026<\/strong>\u00a0a data do referendo previsto no art. 138 da Constitui\u00e7\u00e3o para a modifica\u00e7\u00e3o de alguns artigos da Constitui\u00e7\u00e3o (denominada \u201cReforma da Justi\u00e7a\u201d).<\/p>\n<p class=\"x_MsoNormal\"><a href=\"https:\/\/consrecife.esteri.it\/pt\/news\/dal_consolato\/2026\/01\/referendo-constitucional-confirmativo-dos-dias-22-e-23-marco-de-2026-voto-por-correspondencia-dos-cidadaos-italianos-no-exterior-e-opcao-pelo-voto-na-italia\/\">15.01.2026 \u2013 Voto por correspond\u00eancia dos cidad\u00e3os italianos no exterior e op\u00e7\u00e3o pelo voto na It\u00e1lia<\/a><\/p>\n<p class=\"x_MsoNormal\"><a href=\"https:\/\/consrecife.esteri.it\/pt\/news\/dal_consolato\/2026\/01\/per-cosa-si-vota-referendum-2026\/\">Para o que se vota \u2013 REFERENDO 2026<\/a><\/p>\n<p><a href=\"https:\/\/consrecife.esteri.it\/pt\/servizi-consolari-e-visti\/servizi-per-il-cittadino-italiano\/servizi-elettorali\/referendum-2026-opcao-dos-eleitores-temporariamente-no-exterior\/\">26.01.2026 \u2013<\/a><a href=\"https:\/\/consrecife.esteri.it\/pt\/servizi-consolari-e-visti\/servizi-per-il-cittadino-italiano\/servizi-elettorali\/referendum-2026-opcao-dos-eleitores-temporariamente-no-exterior\/\">Op\u00e7\u00e3o dos eleitores temporariamente no exterior<\/a><\/p>\n<p><a href=\"https:\/\/consrecife.esteri.it\/pt\/news\/dal_consolato\/2026\/03\/referendo-constitucional-2026-emissao-da-segunda-via\/\">03.03.2026 \u2013 EMISS\u00c3O DA SEGUNDA VIA<\/a><\/p>\n","protected":false},"excerpt":{"rendered":"Por decreto do Presidente da Rep\u00fablica de 13\/01\/2026, publicado no Di\u00e1rio Oficial da Rep\u00fablica Italiana em 14\/01\/2026, foi fixada para os dias\u00a022 e 23 de MAR\u00c7O de 2026\u00a0a data do referendo previsto no art. 138 da Constitui\u00e7\u00e3o para a modifica\u00e7\u00e3o de alguns artigos da Constitui\u00e7\u00e3o (denominada \u201cReforma da Justi\u00e7a\u201d). 15.01.2026 \u2013 Voto por correspond\u00eancia dos [&hellip;]","protected":false},"author":4,"featured_media":0,"parent":600,"menu_order":0,"comment_status":"closed","ping_status":"closed","template":"","meta":{"footnotes":""},"class_list":["post-5273","page","type-page","status-publish","hentry"],"_links":{"self":[{"href":"https:\/\/consrecife.esteri.it\/pt\/wp-json\/wp\/v2\/pages\/5273","targetHints":{"allow":["GET"]}}],"collection":[{"href":"https:\/\/consrecife.esteri.it\/pt\/wp-json\/wp\/v2\/pages"}],"about":[{"href":"https:\/\/consrecife.esteri.it\/pt\/wp-json\/wp\/v2\/types\/page"}],"author":[{"embeddable":true,"href":"https:\/\/consrecife.esteri.it\/pt\/wp-json\/wp\/v2\/users\/4"}],"replies":[{"embeddable":true,"href":"https:\/\/consrecife.esteri.it\/pt\/wp-json\/wp\/v2\/comments?post=5273"}],"version-history":[{"count":5,"href":"https:\/\/consrecife.esteri.it\/pt\/wp-json\/wp\/v2\/pages\/5273\/revisions"}],"predecessor-version":[{"id":5551,"href":"https:\/\/consrecife.esteri.it\/pt\/wp-json\/wp\/v2\/pages\/5273\/revisions\/5551"}],"up":[{"embeddable":true,"href":"https:\/\/consrecife.esteri.it\/pt\/wp-json\/wp\/v2\/pages\/600"}],"wp:attachment":[{"href":"https:\/\/consrecife.esteri.it\/pt\/wp-json\/wp\/v2\/media?parent=5273"}],"curies":[{"name":"wp","href":"https:\/\/api.w.org\/{rel}","templated":true}]}}