{"id":539,"date":"2023-01-16T17:03:27","date_gmt":"2023-01-16T20:03:27","guid":{"rendered":"https:\/\/consrecife.esteri.it\/?page_id=539"},"modified":"2023-06-14T16:32:26","modified_gmt":"2023-06-14T19:32:26","slug":"reaquisicao-da-cidadania-italiana-apos-perda-em-decorrencia-de-naturalizacao","status":"publish","type":"page","link":"https:\/\/consrecife.esteri.it\/pt\/servizi-consolari-e-visti\/servizi-per-il-cittadino-straniero\/cittadinanza\/reaquisicao-da-cidadania-italiana-apos-perda-em-decorrencia-de-naturalizacao\/","title":{"rendered":"Reaquisi\u00e7\u00e3o da Cidadania Italiana"},"content":{"rendered":"<p><strong>REAQUISI\u00c7\u00c3O DA CIDADINIA ITALIANA AP\u00d3S PERDA EM DECORR\u00caNCIA DE NATURALIZA\u00c7\u00c3O<\/strong><\/p>\n<p dir=\"ltr\" style=\"text-align: justify;\">Quem perdeu a cidadania italiana pode readquirir automaticamente ap\u00f3s um ano da data na qual estabelece a resid\u00eancia no territ\u00f3rio da Rep\u00fablica Italiana, salvo expressa ren\u00fancia at\u00e9 terminar o prazo- ou se declara de querer readquirir e estabeleceu ou estabelece at\u00e9 um ano da declara\u00e7\u00e3o, a resid\u00eancia no Territ\u00f3rio da Rep\u00fablica Italiana (ref. Art. 13 Lei N.91 de 5 de fevereiro de 1992).<\/p>\n<p dir=\"ltr\" style=\"text-align: justify;\">Em particular, deve-se notar que a pessoa residente no exterior que tenha perdido a cidadania italiana pode readquirir a mesma conforme o par\u00e1grafo 1, letra c) do art. 13 da Lei n. 91, de 5.2.1992, mediante declara\u00e7\u00e3o espec\u00edfica ao servi\u00e7o consular competente, caso estabele\u00e7a a sua resid\u00eancia em It\u00e1lia no prazo de um ano a contar da data da pr\u00f3pria declara\u00e7\u00e3o.<\/p>\n<p dir=\"ltr\"><strong>A DECLARA\u00c7\u00c3O DEVE SER ACOMPANHADA DA SEGUINTE DOCUMENTA\u00c7\u00c3O:<\/strong><\/p>\n<ul>\n<li dir=\"ltr\">\n<p dir=\"ltr\">Certid\u00e3o de nascimento (atto di nascita) emitido pelo Comune no qual tal certid\u00e3o resulta transcrita;<\/p>\n<\/li>\n<li dir=\"ltr\">\n<p dir=\"ltr\">Documenta\u00e7\u00e3o onde conste a posse da cidadania italiana;<\/p>\n<\/li>\n<li dir=\"ltr\">\n<p dir=\"ltr\">Documenta\u00e7\u00e3o relativa \u00e0 posse da cidadania estrangeira, ou seja, ao status de ap\u00f3lide;<\/p>\n<\/li>\n<li dir=\"ltr\">\n<p dir=\"ltr\">Certificado de situa\u00e7\u00e3o de fam\u00edlia ou documenta\u00e7\u00e3o equivalentes;<\/p>\n<\/li>\n<li dir=\"ltr\">\n<p dir=\"ltr\">Comprovante de resid\u00eancia nesta circunscri\u00e7\u00e3o consular;<\/p>\n<\/li>\n<li dir=\"ltr\">\n<p dir=\"ltr\">Comprovante de pagamento de Euro 250,00 por transfer\u00eancia banc\u00e1ria \u201cremessa ao exterior\u201d (v. abaixo para os detalhes banc\u00e1rios).<\/p>\n<\/li>\n<\/ul>\n<p>&nbsp;<\/p>\n<p dir=\"ltr\"><strong>CUSTOS:<\/strong><\/p>\n<p dir=\"ltr\" style=\"text-align: justify;\">Desde 8 de agosto de 2009, os pedidos de declara\u00e7\u00f5es relacionadas \u00e0 elei\u00e7\u00e3o, aquisi\u00e7\u00e3o, reaquisi\u00e7\u00e3o ou ren\u00fancia da cidadania italiana s\u00e3o sujeitos ao pagamento de uma taxa de 250,00 Euros efetuado com as modalidades seguintes:<\/p>\n<p dir=\"ltr\">\u201cREMESSA AO EXTERIOR\u201d<\/p>\n<p dir=\"ltr\">1) Banco destinat\u00e1rio: Poste Italiane S.p.A.<\/p>\n<p dir=\"ltr\">2) Nome do \u00a0benefici\u00e1rio: Ministero dell\u2019Interno D.L.C.I. \u2013 Cittadinanza<\/p>\n<p dir=\"ltr\">3) Finalidade: Legge n. 94\/2009 contributo Euro 250,00<\/p>\n<p dir=\"ltr\">4) IBAN: IT54D0760103200000000809020<\/p>\n<p dir=\"ltr\">5) BIC\/SWIFT: BPPIITRRXXX<\/p>\n<p dir=\"ltr\">AVISO: Este pagamento N\u00c3O pode ser efetuado no balc\u00e3o consular.<\/p>\n","protected":false},"excerpt":{"rendered":"REAQUISI\u00c7\u00c3O DA CIDADINIA ITALIANA AP\u00d3S PERDA EM DECORR\u00caNCIA DE NATURALIZA\u00c7\u00c3O Quem perdeu a cidadania italiana pode readquirir automaticamente ap\u00f3s um ano da data na qual estabelece a resid\u00eancia no territ\u00f3rio da Rep\u00fablica Italiana, salvo expressa ren\u00fancia at\u00e9 terminar o prazo- ou se declara de querer readquirir e estabeleceu ou estabelece at\u00e9 um ano da declara\u00e7\u00e3o, [&hellip;]","protected":false},"author":4,"featured_media":0,"parent":222,"menu_order":0,"comment_status":"closed","ping_status":"closed","template":"","meta":{"footnotes":""},"class_list":["post-539","page","type-page","status-publish","hentry"],"_links":{"self":[{"href":"https:\/\/consrecife.esteri.it\/pt\/wp-json\/wp\/v2\/pages\/539","targetHints":{"allow":["GET"]}}],"collection":[{"href":"https:\/\/consrecife.esteri.it\/pt\/wp-json\/wp\/v2\/pages"}],"about":[{"href":"https:\/\/consrecife.esteri.it\/pt\/wp-json\/wp\/v2\/types\/page"}],"author":[{"embeddable":true,"href":"https:\/\/consrecife.esteri.it\/pt\/wp-json\/wp\/v2\/users\/4"}],"replies":[{"embeddable":true,"href":"https:\/\/consrecife.esteri.it\/pt\/wp-json\/wp\/v2\/comments?post=539"}],"version-history":[{"count":0,"href":"https:\/\/consrecife.esteri.it\/pt\/wp-json\/wp\/v2\/pages\/539\/revisions"}],"up":[{"embeddable":true,"href":"https:\/\/consrecife.esteri.it\/pt\/wp-json\/wp\/v2\/pages\/222"}],"wp:attachment":[{"href":"https:\/\/consrecife.esteri.it\/pt\/wp-json\/wp\/v2\/media?parent=539"}],"curies":[{"name":"wp","href":"https:\/\/api.w.org\/{rel}","templated":true}]}}