{"id":545,"date":"2023-01-20T16:24:06","date_gmt":"2023-01-20T15:24:06","guid":{"rendered":"https:\/\/consrecife.esteri.it\/?page_id=545"},"modified":"2023-01-20T16:24:06","modified_gmt":"2023-01-20T15:24:06","slug":"servico-militar","status":"publish","type":"page","link":"https:\/\/consrecife.esteri.it\/pt\/servizi-consolari-e-visti\/servizi-per-il-cittadino-italiano\/servico-militar\/","title":{"rendered":"Servi\u00e7o Militar"},"content":{"rendered":"<p>A lei n. 226 de 23 de agosto de 2004 (publicada na Gazzeta Ufficiale n.204 de 31.08.2004), disp\u00f5e que, a partir do dia 1\u00ba de janeiro de 2005 torna-se suspensa a obrigatoriedade do servi\u00e7o militar na It\u00e1lia e institui\u00e7ao do servi\u00e7o militar profissional.<\/p>\n<p>Os cidad\u00e3os italianos \u201cjure sanguinis\u201d residentes no Brasil, que tenham prestado o servi\u00e7o militar, n\u00e3o dependem mais da homologa\u00e7\u00e3o do mesmos por parte das Autoridades italianas de compet\u00eancia. Pede-se, apenas, que forne\u00e7am ao Consulado fotoc\u00f3pia autenticada do referido documento.<\/p>\n<p class=\"boxLevel03\"><b><a href=\"http:\/\/www.difesa.it\/\" target=\"_blank\" rel=\"noopener\">Ministero della Difesa<\/a><br \/>\n<\/b><b><a href=\"http:\/\/www.marina.difesa.it\/\" target=\"_blank\" rel=\"noopener\">Marina Militare<\/a><\/b><br \/>\n<a href=\"http:\/\/www.aeronautica.difesa.it\/\" target=\"_blank\" rel=\"noopener\"><strong>Aeronautica Militare<\/strong><\/a><\/p>\n","protected":false},"excerpt":{"rendered":"A lei n. 226 de 23 de agosto de 2004 (publicada na Gazzeta Ufficiale n.204 de 31.08.2004), disp\u00f5e que, a partir do dia 1\u00ba de janeiro de 2005 torna-se suspensa a obrigatoriedade do servi\u00e7o militar na It\u00e1lia e institui\u00e7ao do servi\u00e7o militar profissional. Os cidad\u00e3os italianos \u201cjure sanguinis\u201d residentes no Brasil, que tenham prestado o [&hellip;]","protected":false},"author":4,"featured_media":0,"parent":94,"menu_order":0,"comment_status":"closed","ping_status":"closed","template":"","meta":{"footnotes":""},"class_list":["post-545","page","type-page","status-publish","hentry"],"_links":{"self":[{"href":"https:\/\/consrecife.esteri.it\/pt\/wp-json\/wp\/v2\/pages\/545","targetHints":{"allow":["GET"]}}],"collection":[{"href":"https:\/\/consrecife.esteri.it\/pt\/wp-json\/wp\/v2\/pages"}],"about":[{"href":"https:\/\/consrecife.esteri.it\/pt\/wp-json\/wp\/v2\/types\/page"}],"author":[{"embeddable":true,"href":"https:\/\/consrecife.esteri.it\/pt\/wp-json\/wp\/v2\/users\/4"}],"replies":[{"embeddable":true,"href":"https:\/\/consrecife.esteri.it\/pt\/wp-json\/wp\/v2\/comments?post=545"}],"version-history":[{"count":0,"href":"https:\/\/consrecife.esteri.it\/pt\/wp-json\/wp\/v2\/pages\/545\/revisions"}],"up":[{"embeddable":true,"href":"https:\/\/consrecife.esteri.it\/pt\/wp-json\/wp\/v2\/pages\/94"}],"wp:attachment":[{"href":"https:\/\/consrecife.esteri.it\/pt\/wp-json\/wp\/v2\/media?parent=545"}],"curies":[{"name":"wp","href":"https:\/\/api.w.org\/{rel}","templated":true}]}}