{"id":547,"date":"2023-01-17T17:55:34","date_gmt":"2023-01-17T20:55:34","guid":{"rendered":"https:\/\/consrecife.esteri.it\/?page_id=547"},"modified":"2023-10-02T12:01:02","modified_gmt":"2023-10-02T15:01:02","slug":"sistema-publico-de-identidade-digital-spid","status":"publish","type":"page","link":"https:\/\/consrecife.esteri.it\/pt\/servizi-consolari-e-visti\/servizi-per-il-cittadino-italiano\/sistema-publico-de-identidade-digital-spid\/","title":{"rendered":"Sistema P\u00fablico de Identidade Digital (SPID)"},"content":{"rendered":"<div>\n<p style=\"text-align: justify;\">O artigo 13, par\u00e1grafo 1\u00ba, do &#8220;Decreto Milleproroghe&#8221; (Decreto Legislativo n\u00ba 198 de 29 de dezembro de 2022) ordenou uma nova prorroga\u00e7\u00e3o do prazo de 31 de dezembro de 2022 relativo \u00e0 impossibilidade da\u00a0Administra\u00e7\u00e3o P\u00fablica emitir ou renovar credenciais para identifica\u00e7\u00e3o dos cidad\u00e3os e acesso aos seus servi\u00e7os de rede, exceto SPID, CIE e CNS, prorrogando-a por mais 12 meses, at\u00e9 31 de dezembro de 2023. Os titulares de credenciais emitidas antes de 31 de dezembro de 2023 poder\u00e3o continuar a utiliz\u00e1-las <strong>at\u00e9 31 de mar\u00e7o de 2024<\/strong> para aceder aos servi\u00e7os de rede.<\/p>\n<p style=\"text-align: justify;\">Assim, at\u00e9 essa data, os cidad\u00e3os poder\u00e3o continuar a aceder aos servi\u00e7os consulares online, sem recurso ao SPID ou a carteira de identidade eletr\u00f4nica. O portal de servi\u00e7os consulares Fast It poder\u00e1 assim continuar a ser utilizado para o envio de pedidos de registo no AIRE e para usufruir das restantes funcionalidades tamb\u00e9m com as credenciais tradicionais.<\/p>\n<p style=\"text-align: justify;\">No entanto, <strong>a comunidade italiana residente no exterior \u00e9 convidada a adotar as credenciais do SPID o mais r\u00e1pido poss\u00edvel.<\/strong><\/p>\n<p style=\"text-align: justify;\">A aquisi\u00e7\u00e3o da identidade digital \u00e9, de facto, um passo fundamental para a progressiva digitaliza\u00e7\u00e3o da Administra\u00e7\u00e3o P\u00fablica, porque permite ao cidad\u00e3o aceder a servi\u00e7os online de forma simples, segura e r\u00e1pida, podendo a Administra\u00e7\u00e3o assegurar o cumprimento de elevados padr\u00f5es de seguran\u00e7a tanto durante autentica\u00e7\u00e3o e acesso a servi\u00e7os. As credenciais SPID tem o mesmo valor que qualquer documento de identidade para concluir procedimentos administrativos online.<\/p>\n<p style=\"text-align: justify;\"><strong>Os usu\u00e1rios que acessam com SPID j\u00e1 tem a vantagem de n\u00e3o precisar apresentar um documento de identidade adicional ao operador consular.<\/strong><\/p>\n<p style=\"text-align: justify;\">O SPID, o Sistema P\u00fablico de Identidade Digital, \u00e9 a solu\u00e7\u00e3o que permite aceder aos servi\u00e7os online da Administra\u00e7\u00e3o P\u00fablica e entidades privadas participantes com uma \u00fanica Identidade Digital (usu\u00e1rio e palavra-passe) que pode ser utilizada a partir de computadores, tablets e smartphones.<\/p>\n<p style=\"text-align: justify;\"><strong>O uso do SPID \u00e9 gratuito.<\/strong><\/p>\n<p style=\"text-align: justify;\">A solicita\u00e7\u00e3o do SPID tamb\u00e9m \u00e9 gratuita, mas algumas formas de reconhecimento por parte das operadoras podem estar sujeitas a uma taxa.<\/p>\n<ul style=\"text-align: justify;\">\n<li>O SPID \u00e9 simples: agendamentos de sa\u00fade, matr\u00edculas escolares, acesso \u00e0 rede wi-fi p\u00fablica, pr\u00e1ticas de neg\u00f3cios, etc. com uma \u00fanica senha<\/li>\n<li>O SPID \u00e9 seguro: o sistema SPID garante total prote\u00e7\u00e3o dos dados pessoais, n\u00e3o sendo permitido nenhum tipo de perfil; privacidade \u00e9 garantida.<\/li>\n<li>O SPID \u00e9 r\u00e1pido: \u00e9 poss\u00edvel aceder rapidamente aos servi\u00e7os online da administra\u00e7\u00e3o p\u00fablica e entidades privadas participantes em qualquer lugar e a partir de qualquer dispositivo.<\/li>\n<\/ul>\n<p>&nbsp;<\/p>\n<p style=\"text-align: justify;\"><span style=\"text-decoration: underline;\"><strong>Como solicitar o SPID<\/strong><\/span><\/p>\n<p style=\"text-align: justify;\">Para solicitar e obter credenciais SPID, o Sistema P\u00fablico de Identidade Digital, voc\u00ea deve ser maior de idade.<\/p>\n<p style=\"text-align: justify;\">\u00c9 necess\u00e1rio ter:<\/p>\n<p style=\"text-align: justify;\">&#8211; um endere\u00e7o de e-mail<\/p>\n<p style=\"text-align: justify;\">&#8211; o n\u00famero de telefone do telem\u00f3vel que utiliza normalmente (mesmo estrangeiro)<\/p>\n<p style=\"text-align: justify;\">&#8211; um documento de identidade italiano v\u00e1lido (um dos seguintes: carteira de identidade, passaporte, carteira de habilita\u00e7\u00e3o).\u00a0Durante a inscri\u00e7\u00e3o pode ser necess\u00e1rio fotograf\u00e1-los e anex\u00e1-los ao formul\u00e1rio a ser preenchido.<\/p>\n<p style=\"text-align: justify;\">&#8211; o c\u00f3digo fiscal (codice fiscale) &#8211; (<a href=\"https:\/\/consriodejaneiro.esteri.it\/consolato_riodejaneiro\/pt\/i_servizi\/per_i_cittadini\/codice_fiscale\/\">na aus\u00eancia de um c\u00f3digo fiscal, \u00e9 poss\u00edvel solicit\u00e1-lo na reparti\u00e7\u00e3o consular.<\/a> Ser\u00e1 v\u00e1lida a folha da <em>Agenzia delle Entrate<\/em> emitida pela reparti\u00e7\u00e3o consular.<\/p>\n<p>&nbsp;<\/p>\n<p style=\"text-align: justify;\"><span style=\"text-decoration: underline;\"><strong>O que fazer para obter SPID<\/strong><\/span><\/p>\n<p style=\"text-align: justify;\">Voc\u00ea deve escolher um dos provedores de identidade ( <a href=\"https:\/\/www.spid.gov.it\/richiedi-spid\">https:\/\/www.spid.gov.it\/richiedi-spid<\/a> ) e se registrar em seu site.<\/p>\n<p style=\"text-align: justify;\">O cadastro consiste em 3 etapas:<\/p>\n<p style=\"text-align: justify;\">1. Inserir seus dados pessoais<\/p>\n<p style=\"text-align: justify;\">2. Criar as credenciais SPID<\/p>\n<p style=\"text-align: justify;\">3. Efetuar o reconhecimento \u00e0 sua escolha entre: presencial \/online \/ via CIE, CNS, passaporte ou assinatura digital. A emiss\u00e3o da identidade digital depende dos Provedores de Identidade individuais.<\/p>\n<p style=\"text-align: justify;\">Como escolher entre os diferentes provedores de identidade<\/p>\n<p style=\"text-align: justify;\">Os Provedores de Identidade fornecem diferentes m\u00e9todos de registro gratuitamente ou mediante taxa e os respectivos SPIDs possuem diferentes n\u00edveis de seguran\u00e7a. A tabela mostrada aqui (<a href=\"https:\/\/www.spid.gov.it\/richiedi-spid\">https:\/\/www.spid.gov.it\/richiedi-spid<\/a>) fornece uma imagem atualizada da situa\u00e7\u00e3o. Em particular, \u00e9 aconselh\u00e1vel focar nos seguintes par\u00e2metros.<\/p>\n<p style=\"text-align: justify;\">&#8211; Escolha o m\u00e9todo de reconhecimento mais conveniente (presencial, atrav\u00e9s da Carteira de Identidade Electr\u00f4nica (CIE), Cart\u00e3o de Servi\u00e7o Nacional (CNS), passaporte biom\u00e9trico, assinatura digital ou via webcam)<\/p>\n<p style=\"text-align: justify;\">&#8211; Escolha com base no n\u00edvel de seguran\u00e7a SPID que voc\u00ea precisa;<\/p>\n<p style=\"text-align: justify;\">&#8211; Se j\u00e1 \u00e9 cliente de um dos Provedores de Identidade, poder\u00e1 ter um fluxo de registro simplificado;<\/p>\n<p style=\"text-align: justify;\">&#8211; Se voc\u00ea \u00e9 um cidad\u00e3o italiano residente no exterior, escolha o Provedor de Identidade que mostra o \u00edcone &#8220;Mundo&#8221;;<\/p>\n<p style=\"text-align: justify;\">&#8211; Lembre-se que mesmo utilizando o CIE, o CNS, o passaporte biom\u00e9trico e a assinatura digital, \u00e9 poss\u00edvel obter o SPID remotamente. Visite os sites das diversas operadoras para verificar as condi\u00e7\u00f5es de libera\u00e7\u00e3o.<\/p>\n<p>&nbsp;<\/p>\n<p style=\"text-align: justify;\"><span style=\"text-decoration: underline;\"><strong>Onde usar o SPID<\/strong><\/span><\/p>\n<p style=\"text-align: justify;\">Neste <a href=\"https:\/\/www.spid.gov.it\/\">link<\/a> voc\u00ea pode pesquisar entre os servi\u00e7os habilitados para SPID de mais de 4.000 administra\u00e7\u00f5es e encontrar a lista de provedores de servi\u00e7os privados.<\/p>\n<p style=\"text-align: justify;\">Voc\u00ea pode acessar o portal &#8220;Fast It&#8221; da Farnesina dedicado aos servi\u00e7os consulares com credenciais SPID (<a href=\"https:\/\/serviziconsolarionline.esteri.it\">https:\/\/serviziconsolarionline.esteri.it<\/a>).<\/p>\n<p style=\"text-align: justify;\">Perguntas frequentes: <a href=\"https:\/\/www.spid.gov.it\/domande-frequentiTutorial\">https:\/\/www.spid.gov.it\/domande-frequentiTutorial<\/a><\/p>\n<p style=\"text-align: justify;\">V\u00eddeo: visite o site institucional <a href=\"http:\/\/www.spid.gov.it\">www.spid.gov.it<\/a> para tutoriais em v\u00eddeo sobre reconhecimento via webcam, reconhecimento pessoal e reconhecimento online.<\/p>\n<p style=\"text-align: justify;\">Para mais informa\u00e7\u00f5es, consulte os sites institucionais:<br \/>\n<a href=\"https:\/\/www.esteri.it\/mae\/it\/servizi\/serviziconsolari\/spid.html\">https:\/\/www.esteri.it\/mae\/it\/servizi\/serviziconsolari\/spid.html<\/a><br \/>\n<a href=\"http:\/\/www.spid.gov.it\">www.spid.gov.it<\/a>.<\/p>\n<p style=\"text-align: justify;\"><strong><a href=\"https:\/\/consriodejaneiro.esteri.it\/Consolato_RioDeJaneiro\/resource\/img\/2022\/02\/spid11.jpg\">Cartaz explicativo sobre os procedimentos para obten\u00e7\u00e3o do SPID<\/a><\/strong><\/p>\n<\/div>\n","protected":false},"excerpt":{"rendered":"O artigo 13, par\u00e1grafo 1\u00ba, do &#8220;Decreto Milleproroghe&#8221; (Decreto Legislativo n\u00ba 198 de 29 de dezembro de 2022) ordenou uma nova prorroga\u00e7\u00e3o do prazo de 31 de dezembro de 2022 relativo \u00e0 impossibilidade da\u00a0Administra\u00e7\u00e3o P\u00fablica emitir ou renovar credenciais para identifica\u00e7\u00e3o dos cidad\u00e3os e acesso aos seus servi\u00e7os de rede, exceto SPID, CIE e CNS, [&hellip;]","protected":false},"author":4,"featured_media":0,"parent":94,"menu_order":0,"comment_status":"closed","ping_status":"closed","template":"","meta":{"footnotes":""},"class_list":["post-547","page","type-page","status-publish","hentry"],"_links":{"self":[{"href":"https:\/\/consrecife.esteri.it\/pt\/wp-json\/wp\/v2\/pages\/547","targetHints":{"allow":["GET"]}}],"collection":[{"href":"https:\/\/consrecife.esteri.it\/pt\/wp-json\/wp\/v2\/pages"}],"about":[{"href":"https:\/\/consrecife.esteri.it\/pt\/wp-json\/wp\/v2\/types\/page"}],"author":[{"embeddable":true,"href":"https:\/\/consrecife.esteri.it\/pt\/wp-json\/wp\/v2\/users\/4"}],"replies":[{"embeddable":true,"href":"https:\/\/consrecife.esteri.it\/pt\/wp-json\/wp\/v2\/comments?post=547"}],"version-history":[{"count":1,"href":"https:\/\/consrecife.esteri.it\/pt\/wp-json\/wp\/v2\/pages\/547\/revisions"}],"predecessor-version":[{"id":2426,"href":"https:\/\/consrecife.esteri.it\/pt\/wp-json\/wp\/v2\/pages\/547\/revisions\/2426"}],"up":[{"embeddable":true,"href":"https:\/\/consrecife.esteri.it\/pt\/wp-json\/wp\/v2\/pages\/94"}],"wp:attachment":[{"href":"https:\/\/consrecife.esteri.it\/pt\/wp-json\/wp\/v2\/media?parent=547"}],"curies":[{"name":"wp","href":"https:\/\/api.w.org\/{rel}","templated":true}]}}