{"id":551,"date":"2023-01-20T17:04:36","date_gmt":"2023-01-20T16:04:36","guid":{"rendered":"https:\/\/consrecife.esteri.it\/?page_id=551"},"modified":"2023-05-03T22:46:23","modified_gmt":"2023-05-03T20:46:23","slug":"escolas-em-italia","status":"publish","type":"page","link":"https:\/\/consrecife.esteri.it\/pt\/servizi-consolari-e-visti\/servizi-per-il-cittadino-italiano\/estudos\/escolas-em-italia\/","title":{"rendered":"Escolas em It\u00e1lia"},"content":{"rendered":"<p style=\"text-align: justify;\">Uma lista completa de escolas de todos os n\u00edveis (pr\u00e9-escolas, escolas prim\u00e1rias e secund\u00e1rias, escolas estatais e parit\u00e1rias) est\u00e1 dispon\u00edvel nos seguintes links:<\/p>\n<p style=\"text-align: justify;\">&#8211; Minist\u00e9rio da Educa\u00e7\u00e3o, da Universidade e da Pesquisa Cient\u00edfica (MIUR): <a href=\"http:\/\/www.istruzione.it\/\">http:\/\/www.istruzione.it\/<\/a><\/p>\n<p style=\"text-align: justify;\">&#8211; Lista de todas as escolas de Ensino Fundamental e M\u00e9dio em funcionamento na It\u00e1lia, sejam p\u00fablicas como privadas: <a href=\"http:\/\/www.tuttitalia.it\/scuole\/\">http:\/\/www.tuttitalia.it\/scuole\/<\/a><\/p>\n<p style=\"text-align: justify;\">&#8211; Motor de busca das escolas italianas: <a href=\"http:\/\/www.lescuole.it\/\">http:\/\/www.lescuole.it\/<\/a><\/p>\n<p style=\"text-align: justify;\">&#8211; Informa\u00e7\u00f5es sobre o funcionamento do sistema educacional italiano: <a href=\"http:\/\/it.wikipedia.org\/wiki\/Istruzione_in_Italia\">http:\/\/it.wikipedia.org\/wiki\/Istruzione_in_Italia<\/a><\/p>\n","protected":false},"excerpt":{"rendered":"Uma lista completa de escolas de todos os n\u00edveis (pr\u00e9-escolas, escolas prim\u00e1rias e secund\u00e1rias, escolas estatais e parit\u00e1rias) est\u00e1 dispon\u00edvel nos seguintes links: &#8211; Minist\u00e9rio da Educa\u00e7\u00e3o, da Universidade e da Pesquisa Cient\u00edfica (MIUR): http:\/\/www.istruzione.it\/ &#8211; Lista de todas as escolas de Ensino Fundamental e M\u00e9dio em funcionamento na It\u00e1lia, sejam p\u00fablicas como privadas: http:\/\/www.tuttitalia.it\/scuole\/ [&hellip;]","protected":false},"author":4,"featured_media":0,"parent":549,"menu_order":0,"comment_status":"closed","ping_status":"closed","template":"","meta":{"footnotes":""},"class_list":["post-551","page","type-page","status-publish","hentry"],"_links":{"self":[{"href":"https:\/\/consrecife.esteri.it\/pt\/wp-json\/wp\/v2\/pages\/551","targetHints":{"allow":["GET"]}}],"collection":[{"href":"https:\/\/consrecife.esteri.it\/pt\/wp-json\/wp\/v2\/pages"}],"about":[{"href":"https:\/\/consrecife.esteri.it\/pt\/wp-json\/wp\/v2\/types\/page"}],"author":[{"embeddable":true,"href":"https:\/\/consrecife.esteri.it\/pt\/wp-json\/wp\/v2\/users\/4"}],"replies":[{"embeddable":true,"href":"https:\/\/consrecife.esteri.it\/pt\/wp-json\/wp\/v2\/comments?post=551"}],"version-history":[{"count":0,"href":"https:\/\/consrecife.esteri.it\/pt\/wp-json\/wp\/v2\/pages\/551\/revisions"}],"up":[{"embeddable":true,"href":"https:\/\/consrecife.esteri.it\/pt\/wp-json\/wp\/v2\/pages\/549"}],"wp:attachment":[{"href":"https:\/\/consrecife.esteri.it\/pt\/wp-json\/wp\/v2\/media?parent=551"}],"curies":[{"name":"wp","href":"https:\/\/api.w.org\/{rel}","templated":true}]}}