{"id":555,"date":"2023-01-20T17:55:41","date_gmt":"2023-01-20T16:55:41","guid":{"rendered":"https:\/\/consrecife.esteri.it\/?page_id=555"},"modified":"2023-01-24T13:52:39","modified_gmt":"2023-01-24T12:52:39","slug":"revalidacao-de-curriculum-escolar","status":"publish","type":"page","link":"https:\/\/consrecife.esteri.it\/pt\/servizi-consolari-e-visti\/servizi-per-il-cittadino-italiano\/estudos\/revalidacao-de-curriculum-escolar\/","title":{"rendered":"Revalida\u00e7\u00e3o de curriculum escolar"},"content":{"rendered":"<p style=\"text-align: justify;\">Os diplomas brasileiros n\u00e3o s\u00e3o automaticamente reconhecidos em It\u00e1lia. Os cidad\u00e3os interessados no reconhecimento da equival\u00eancia em valor e efic\u00e1cia (&#8220;equipollenza\/revalida\u00e7\u00e3o&#8221;) dos seus diplomas (obtidos em estabelecimentos universit\u00e1rios oficialmente reconhecidos) aos diplomas italianos correspondentes devem dirigir-se a uma das seguintes autoridades:<\/p>\n<ul>\n<li style=\"text-align: justify;\">Os Uffici Scolastici Provinciali no que diz respeito \u00e0 equival\u00eancia de diplomas pr\u00e9-universit\u00e1rios;<\/li>\n<li style=\"text-align: justify;\">As Universit\u00e0 no que diz respeito \u00e0 equival\u00eancia de diplomas estrangeiros;<\/li>\n<li style=\"text-align: justify;\">O Ministero dell&#8217;Universit\u00e0 e della Ricerca para a equival\u00eancia acad\u00e9mica de doutoramentos estrangeiros (PhD);<\/li>\n<li style=\"text-align: justify;\">Os v\u00e1rios Ministeri no que diz respeito ao reconhecimento profissional (para efeitos de exerc\u00edcio de profiss\u00f5es regulamentadas). Para uma lista n\u00e3o exaustiva dos minist\u00e9rios encarregados do reconhecimento profissional e das profiss\u00f5es relevantes sob a sua jurisdi\u00e7\u00e3o, consulte o s\u00edtio web do CIMEA: <a href=\"http:\/\/www.cimea.it\/it\/servizi\/procedure-di-riconoscimento-dei-titoli\/riconoscimento-professionale.aspx\">http:\/\/www.cimea.it\/it\/servizi\/procedure-di-riconoscimento-dei-titoli\/riconoscimento-professionale.aspx<\/a><\/li>\n<li style=\"text-align: justify;\">Para efeitos de participa\u00e7\u00e3o em concursos: <a href=\"https:\/\/www.miur.gov.it\/web\/guest\/riconoscimento-per-accesso-ai-pubblici-concorsi\">https:\/\/www.miur.gov.it\/web\/guest\/riconoscimento-per-accesso-ai-pubblici-concorsi<\/a><\/li>\n<\/ul>\n<p style=\"text-align: justify;\">Para os casos acima listados, ser\u00e1 necess\u00e1rio obter uma &#8220;<a href=\"https:\/\/consrecife.esteri.it\/pt\/servizi-consolari-e-visti\/servizi-per-il-cittadino-italiano\/estudos\/declaracoes-de-valor\/\">Declara\u00e7\u00e3o de Valor<\/a>&#8221; emitida pelo Consulado italiano competente no Brasil.<\/p>\n<p style=\"text-align: justify;\">Uma vez declarados equivalentes \u00e0s qualifica\u00e7\u00f5es italianas de valor correspondente, ter\u00e3o valor legal em It\u00e1lia.<\/p>\n","protected":false},"excerpt":{"rendered":"Os diplomas brasileiros n\u00e3o s\u00e3o automaticamente reconhecidos em It\u00e1lia. Os cidad\u00e3os interessados no reconhecimento da equival\u00eancia em valor e efic\u00e1cia (&#8220;equipollenza\/revalida\u00e7\u00e3o&#8221;) dos seus diplomas (obtidos em estabelecimentos universit\u00e1rios oficialmente reconhecidos) aos diplomas italianos correspondentes devem dirigir-se a uma das seguintes autoridades: Os Uffici Scolastici Provinciali no que diz respeito \u00e0 equival\u00eancia de diplomas pr\u00e9-universit\u00e1rios; As [&hellip;]","protected":false},"author":4,"featured_media":0,"parent":549,"menu_order":0,"comment_status":"closed","ping_status":"closed","template":"","meta":{"footnotes":""},"class_list":["post-555","page","type-page","status-publish","hentry"],"_links":{"self":[{"href":"https:\/\/consrecife.esteri.it\/pt\/wp-json\/wp\/v2\/pages\/555","targetHints":{"allow":["GET"]}}],"collection":[{"href":"https:\/\/consrecife.esteri.it\/pt\/wp-json\/wp\/v2\/pages"}],"about":[{"href":"https:\/\/consrecife.esteri.it\/pt\/wp-json\/wp\/v2\/types\/page"}],"author":[{"embeddable":true,"href":"https:\/\/consrecife.esteri.it\/pt\/wp-json\/wp\/v2\/users\/4"}],"replies":[{"embeddable":true,"href":"https:\/\/consrecife.esteri.it\/pt\/wp-json\/wp\/v2\/comments?post=555"}],"version-history":[{"count":0,"href":"https:\/\/consrecife.esteri.it\/pt\/wp-json\/wp\/v2\/pages\/555\/revisions"}],"up":[{"embeddable":true,"href":"https:\/\/consrecife.esteri.it\/pt\/wp-json\/wp\/v2\/pages\/549"}],"wp:attachment":[{"href":"https:\/\/consrecife.esteri.it\/pt\/wp-json\/wp\/v2\/media?parent=555"}],"curies":[{"name":"wp","href":"https:\/\/api.w.org\/{rel}","templated":true}]}}