{"id":557,"date":"2023-01-20T17:58:45","date_gmt":"2023-01-20T16:58:45","guid":{"rendered":"https:\/\/consrecife.esteri.it\/?page_id=557"},"modified":"2023-01-24T13:50:36","modified_gmt":"2023-01-24T12:50:36","slug":"cursos-de-lingua","status":"publish","type":"page","link":"https:\/\/consrecife.esteri.it\/pt\/servizi-consolari-e-visti\/servizi-per-il-cittadino-italiano\/estudos\/cursos-de-lingua\/","title":{"rendered":"Cursos de lingua"},"content":{"rendered":"<p style=\"text-align: justify;\">No Brasil, a rede diplom\u00e1tica e consular italiana conta com a presen\u00e7a dos Institutos Culturais Italianos no <a href=\"https:\/\/iicrio.esteri.it\/IIC_RioDeJaneiro\/it\/\">Rio de Janeiro<\/a> e em <a href=\"https:\/\/iicsanpaolo.esteri.it\/IIC_Sanpaolo\/it\">S\u00e3o Paulo<\/a>. Ambas as institui\u00e7\u00f5es oferecem cursos de l\u00edngua italiana em presen\u00e7a e online.<\/p>\n<p style=\"text-align: justify;\">No distrito consular do Nordeste, \u00e9 tamb\u00e9m poss\u00edvel participar em cursos de italiano organizados pelo <a href=\"https:\/\/www.ladanterecife.com.br\/\">Centro Cultural \u00cdtalo-Brasileiro Dante Alighieri<\/a> em Recife e pelo <a href=\"http:\/\/www.icif.com.br\/\">Instituto de Cultura Italiana em Fortaleza (ICIF)<\/a>.<\/p>\n","protected":false},"excerpt":{"rendered":"No Brasil, a rede diplom\u00e1tica e consular italiana conta com a presen\u00e7a dos Institutos Culturais Italianos no Rio de Janeiro e em S\u00e3o Paulo. Ambas as institui\u00e7\u00f5es oferecem cursos de l\u00edngua italiana em presen\u00e7a e online. No distrito consular do Nordeste, \u00e9 tamb\u00e9m poss\u00edvel participar em cursos de italiano organizados pelo Centro Cultural \u00cdtalo-Brasileiro Dante [&hellip;]","protected":false},"author":4,"featured_media":0,"parent":549,"menu_order":0,"comment_status":"closed","ping_status":"closed","template":"","meta":{"footnotes":""},"class_list":["post-557","page","type-page","status-publish","hentry"],"_links":{"self":[{"href":"https:\/\/consrecife.esteri.it\/pt\/wp-json\/wp\/v2\/pages\/557","targetHints":{"allow":["GET"]}}],"collection":[{"href":"https:\/\/consrecife.esteri.it\/pt\/wp-json\/wp\/v2\/pages"}],"about":[{"href":"https:\/\/consrecife.esteri.it\/pt\/wp-json\/wp\/v2\/types\/page"}],"author":[{"embeddable":true,"href":"https:\/\/consrecife.esteri.it\/pt\/wp-json\/wp\/v2\/users\/4"}],"replies":[{"embeddable":true,"href":"https:\/\/consrecife.esteri.it\/pt\/wp-json\/wp\/v2\/comments?post=557"}],"version-history":[{"count":0,"href":"https:\/\/consrecife.esteri.it\/pt\/wp-json\/wp\/v2\/pages\/557\/revisions"}],"up":[{"embeddable":true,"href":"https:\/\/consrecife.esteri.it\/pt\/wp-json\/wp\/v2\/pages\/549"}],"wp:attachment":[{"href":"https:\/\/consrecife.esteri.it\/pt\/wp-json\/wp\/v2\/media?parent=557"}],"curies":[{"name":"wp","href":"https:\/\/api.w.org\/{rel}","templated":true}]}}