{"id":559,"date":"2023-01-20T18:09:34","date_gmt":"2023-01-20T17:09:34","guid":{"rendered":"https:\/\/consrecife.esteri.it\/?page_id=559"},"modified":"2023-05-03T22:52:35","modified_gmt":"2023-05-03T20:52:35","slug":"universidade","status":"publish","type":"page","link":"https:\/\/consrecife.esteri.it\/pt\/servizi-consolari-e-visti\/servizi-per-il-cittadino-italiano\/estudos\/universidade\/","title":{"rendered":"Universidade"},"content":{"rendered":"<p style=\"text-align: justify;\">Not\u00edcias de interesse geral sobre a organiza\u00e7\u00e3o e funcionamento das universidades italianas podem ser encontradas na <a href=\"https:\/\/www.miur.gov.it\/il-sistema-di-istruzione\">sec\u00e7\u00e3o do website do Minist\u00e9rio da Educa\u00e7\u00e3o, Universidade e Investiga\u00e7\u00e3o<\/a>.<\/p>\n<p style=\"text-align: justify;\">Os estudantes estrangeiros interessados em estudar em universidades italianas tamb\u00e9m podem encontrar informa\u00e7\u00f5es \u00fateis no <a href=\"https:\/\/www.miur.gov.it\/offerta-e-orientamento\">s\u00edtio Web do Minist\u00e9rio da Educa\u00e7\u00e3o, Universidade e Investiga\u00e7\u00e3o (MIUR) na p\u00e1gina da Oferta Educativa.<\/a><\/p>\n<p style=\"text-align: justify;\">As listas completas das universidades podem ser consultadas atrav\u00e9s do <a href=\"https:\/\/www.universitaly.it\/index.php\/cercacorsi\/universita\">motor de busca especial Universitaly<\/a>.<\/p>\n<p style=\"text-align: justify;\">Mais informa\u00e7\u00f5es podem ser encontradas na p\u00e1gina dedicada \u00e0s universidades <a href=\"https:\/\/www.crui.it\/\">no website CRUI &#8211; Confer\u00eancia de Reitores Universit\u00e1rios Italianos.<\/a><\/p>\n<p>&nbsp;<\/p>\n<p style=\"text-align: justify;\">Para os procedimentos relativos \u00e0 <strong>pr\u00e9-inscri\u00e7\u00e3o<\/strong> universit\u00e1ria e subsequentes instru\u00e7\u00f5es aos estudantes estrangeiros que desejem <strong>inscrever-se<\/strong> ou tamb\u00e9m frequentar um curso n\u00e3o universit\u00e1rio (<strong>mestrado em sandu\u00edche, mestrado, doutoramento ou p\u00f3s-doutoramento<\/strong>) para o ano acad\u00e9mico 2022\/2023, por favor examine cuidadosa e minuciosamente as disposi\u00e7\u00f5es publicadas no website do Minist\u00e9rio da Educa\u00e7\u00e3o, Universidade e Investiga\u00e7\u00e3o (MIUR) <a href=\"http:\/\/www.studiare-in-italia.it\/studentistranieri\/\">http:\/\/www.studiare-in-italia.it\/studentistranieri\/<\/a><\/p>\n","protected":false},"excerpt":{"rendered":"Not\u00edcias de interesse geral sobre a organiza\u00e7\u00e3o e funcionamento das universidades italianas podem ser encontradas na sec\u00e7\u00e3o do website do Minist\u00e9rio da Educa\u00e7\u00e3o, Universidade e Investiga\u00e7\u00e3o. Os estudantes estrangeiros interessados em estudar em universidades italianas tamb\u00e9m podem encontrar informa\u00e7\u00f5es \u00fateis no s\u00edtio Web do Minist\u00e9rio da Educa\u00e7\u00e3o, Universidade e Investiga\u00e7\u00e3o (MIUR) na p\u00e1gina da Oferta [&hellip;]","protected":false},"author":4,"featured_media":0,"parent":549,"menu_order":0,"comment_status":"closed","ping_status":"closed","template":"","meta":{"footnotes":""},"class_list":["post-559","page","type-page","status-publish","hentry"],"_links":{"self":[{"href":"https:\/\/consrecife.esteri.it\/pt\/wp-json\/wp\/v2\/pages\/559","targetHints":{"allow":["GET"]}}],"collection":[{"href":"https:\/\/consrecife.esteri.it\/pt\/wp-json\/wp\/v2\/pages"}],"about":[{"href":"https:\/\/consrecife.esteri.it\/pt\/wp-json\/wp\/v2\/types\/page"}],"author":[{"embeddable":true,"href":"https:\/\/consrecife.esteri.it\/pt\/wp-json\/wp\/v2\/users\/4"}],"replies":[{"embeddable":true,"href":"https:\/\/consrecife.esteri.it\/pt\/wp-json\/wp\/v2\/comments?post=559"}],"version-history":[{"count":0,"href":"https:\/\/consrecife.esteri.it\/pt\/wp-json\/wp\/v2\/pages\/559\/revisions"}],"up":[{"embeddable":true,"href":"https:\/\/consrecife.esteri.it\/pt\/wp-json\/wp\/v2\/pages\/549"}],"wp:attachment":[{"href":"https:\/\/consrecife.esteri.it\/pt\/wp-json\/wp\/v2\/media?parent=559"}],"curies":[{"name":"wp","href":"https:\/\/api.w.org\/{rel}","templated":true}]}}