{"id":604,"date":"2023-01-20T21:24:27","date_gmt":"2023-01-20T20:24:27","guid":{"rendered":"https:\/\/consrecife.esteri.it\/?page_id=604"},"modified":"2023-01-20T21:24:27","modified_gmt":"2023-01-20T20:24:27","slug":"eleicoes-europeias","status":"publish","type":"page","link":"https:\/\/consrecife.esteri.it\/pt\/servizi-consolari-e-visti\/servizi-per-il-cittadino-italiano\/servizi-elettorali\/eleicoes-europeias\/","title":{"rendered":"Elei\u00e7\u00f5es europeias"},"content":{"rendered":"<p style=\"text-align: justify;\">A Lei 459\/2001 sobre o exerc\u00edcio do direito de voto no estrangeiro n\u00e3o se aplica \u00e0s elei\u00e7\u00f5es europeias, que s\u00e3o regidas pela Lei 18 de 24 de Janeiro de 1979, com as altera\u00e7\u00f5es que lhe foram introduzidas.<\/p>\n<p style=\"text-align: justify;\">O sistema de vota\u00e7\u00e3o postal n\u00e3o se aplica, portanto, \u00e0s elei\u00e7\u00f5es europeias: os eleitores italianos com direito a voto e residentes permanentes em pa\u00edses da Uni\u00e3o Europeia podem dirigir-se \u00e0s mesas de voto apropriadas, criadas localmente pela nossa rede diplom\u00e1tico-consular.<\/p>\n<p style=\"text-align: justify;\">Os eleitores italianos residentes no estrangeiro podem tamb\u00e9m optar, dentro dos prazos fixados por lei, por votar nos candidatos no seu pa\u00eds de resid\u00eancia; podem tamb\u00e9m regressar a It\u00e1lia, beneficiando de tarifas de viagem reduzidas, e votar no seu munic\u00edpio de resid\u00eancia.<\/p>\n","protected":false},"excerpt":{"rendered":"A Lei 459\/2001 sobre o exerc\u00edcio do direito de voto no estrangeiro n\u00e3o se aplica \u00e0s elei\u00e7\u00f5es europeias, que s\u00e3o regidas pela Lei 18 de 24 de Janeiro de 1979, com as altera\u00e7\u00f5es que lhe foram introduzidas. O sistema de vota\u00e7\u00e3o postal n\u00e3o se aplica, portanto, \u00e0s elei\u00e7\u00f5es europeias: os eleitores italianos com direito a [&hellip;]","protected":false},"author":4,"featured_media":0,"parent":216,"menu_order":0,"comment_status":"closed","ping_status":"closed","template":"","meta":{"footnotes":""},"class_list":["post-604","page","type-page","status-publish","hentry"],"_links":{"self":[{"href":"https:\/\/consrecife.esteri.it\/pt\/wp-json\/wp\/v2\/pages\/604","targetHints":{"allow":["GET"]}}],"collection":[{"href":"https:\/\/consrecife.esteri.it\/pt\/wp-json\/wp\/v2\/pages"}],"about":[{"href":"https:\/\/consrecife.esteri.it\/pt\/wp-json\/wp\/v2\/types\/page"}],"author":[{"embeddable":true,"href":"https:\/\/consrecife.esteri.it\/pt\/wp-json\/wp\/v2\/users\/4"}],"replies":[{"embeddable":true,"href":"https:\/\/consrecife.esteri.it\/pt\/wp-json\/wp\/v2\/comments?post=604"}],"version-history":[{"count":0,"href":"https:\/\/consrecife.esteri.it\/pt\/wp-json\/wp\/v2\/pages\/604\/revisions"}],"up":[{"embeddable":true,"href":"https:\/\/consrecife.esteri.it\/pt\/wp-json\/wp\/v2\/pages\/216"}],"wp:attachment":[{"href":"https:\/\/consrecife.esteri.it\/pt\/wp-json\/wp\/v2\/media?parent=604"}],"curies":[{"name":"wp","href":"https:\/\/api.w.org\/{rel}","templated":true}]}}