{"id":88,"date":"2022-12-14T13:16:39","date_gmt":"2022-12-14T16:16:39","guid":{"rendered":"https:\/\/consrecife.esteri.it\/chi-siamo\/numeri-di-emergenza\/"},"modified":"2026-01-20T14:37:11","modified_gmt":"2026-01-20T17:37:11","slug":"numeri-di-emergenza","status":"publish","type":"page","link":"https:\/\/consrecife.esteri.it\/pt\/chi-siamo\/numeri-di-emergenza\/","title":{"rendered":"N\u00fameros de emerg\u00eancia"},"content":{"rendered":"<p><strong>EXCLUSIVAMENTE PARA CIDAD\u00c3OS ITALIANOS<\/strong><\/p>\n<p>Somente em casos de <strong>EMERG\u00caNCIA EXTREMA E REAL<\/strong> (cat\u00e1strofes naturais, atentados, acidentes graves, pris\u00f5es, falecimentos, roubos, etc.), entrar em contato com:<\/p>\n<p>Tel.: +55 (81) 99969-1661<\/p>\n<p><strong>De segunda a sexta-feira<\/strong> \u2013 das <strong>16h00 \u00e0s 22h00<\/strong><\/p>\n<p><strong>S\u00e1bados, domingos e feriados<\/strong> \u2013 das <strong>9h00 \u00e0s 22h00<\/strong><\/p>\n<p>Este n\u00famero <strong>n\u00e3o fornece informa\u00e7\u00f5es<\/strong> sobre cidadania, passaportes, vistos ou outros servi\u00e7os consulares.<\/p>\n<p>Para tais informa\u00e7\u00f5es, consulte as p\u00e1ginas correspondentes deste site.<\/p>\n","protected":false},"excerpt":{"rendered":"EXCLUSIVAMENTE PARA CIDAD\u00c3OS ITALIANOS Somente em casos de EMERG\u00caNCIA EXTREMA E REAL (cat\u00e1strofes naturais, atentados, acidentes graves, pris\u00f5es, falecimentos, roubos, etc.), entrar em contato com: Tel.: +55 (81) 99969-1661 De segunda a sexta-feira \u2013 das 16h00 \u00e0s 22h00 S\u00e1bados, domingos e feriados \u2013 das 9h00 \u00e0s 22h00 Este n\u00famero n\u00e3o fornece informa\u00e7\u00f5es sobre cidadania, passaportes, [&hellip;]","protected":false},"author":3,"featured_media":0,"parent":33,"menu_order":8,"comment_status":"closed","ping_status":"closed","template":"","meta":{"footnotes":""},"class_list":["post-88","page","type-page","status-publish","hentry"],"_links":{"self":[{"href":"https:\/\/consrecife.esteri.it\/pt\/wp-json\/wp\/v2\/pages\/88","targetHints":{"allow":["GET"]}}],"collection":[{"href":"https:\/\/consrecife.esteri.it\/pt\/wp-json\/wp\/v2\/pages"}],"about":[{"href":"https:\/\/consrecife.esteri.it\/pt\/wp-json\/wp\/v2\/types\/page"}],"author":[{"embeddable":true,"href":"https:\/\/consrecife.esteri.it\/pt\/wp-json\/wp\/v2\/users\/3"}],"replies":[{"embeddable":true,"href":"https:\/\/consrecife.esteri.it\/pt\/wp-json\/wp\/v2\/comments?post=88"}],"version-history":[{"count":1,"href":"https:\/\/consrecife.esteri.it\/pt\/wp-json\/wp\/v2\/pages\/88\/revisions"}],"predecessor-version":[{"id":5371,"href":"https:\/\/consrecife.esteri.it\/pt\/wp-json\/wp\/v2\/pages\/88\/revisions\/5371"}],"up":[{"embeddable":true,"href":"https:\/\/consrecife.esteri.it\/pt\/wp-json\/wp\/v2\/pages\/33"}],"wp:attachment":[{"href":"https:\/\/consrecife.esteri.it\/pt\/wp-json\/wp\/v2\/media?parent=88"}],"curies":[{"name":"wp","href":"https:\/\/api.w.org\/{rel}","templated":true}]}}