{"id":89,"date":"2022-12-14T13:17:55","date_gmt":"2022-12-14T12:17:55","guid":{"rendered":"https:\/\/consrecife.esteri.it\/chi-siamo\/la-rete-consolare\/"},"modified":"2023-04-21T17:51:19","modified_gmt":"2023-04-21T15:51:19","slug":"la-rete-consolare","status":"publish","type":"page","link":"https:\/\/consrecife.esteri.it\/pt\/chi-siamo\/la-rete-consolare\/","title":{"rendered":"A Rede Consular"},"content":{"rendered":"<p style=\"font-weight: 400; text-align: justify;\">O distrito consular do Consulado da It\u00e1lia em Recife inclui os nove estados da\u00a0<b><strong>regi\u00e3o Nordeste do Brasil<\/strong><\/b>: Alagoas, Bahia, Cear\u00e1, Maranh\u00e3o, Para\u00edba, Pernambuco, Piau\u00ed, Rio Grande do Norte e Sergipe. A \u00e1rea total do Nordeste \u00e9 de 1.558.196 km\u00b2 (5,3 vezes a superf\u00edcie da It\u00e1lia) e a popula\u00e7\u00e3o \u00e9 de 53 milh\u00f5es de habitantes.<\/p>\n<p style=\"font-weight: 400; text-align: justify;\">Al\u00e9m da sede em Recife, o Consulado possui\u00a0<b><strong>uma rede de seis escrit\u00f3rios h<\/strong><\/b><strong>onor\u00e1rios<\/strong> <strong>subordinados<\/strong>: dois Consulados Honor\u00e1rios (Fortaleza e Salvador), uma Ag\u00eancia Consular Honor\u00e1ria (S\u00e3o Lu\u00eds) e quatro Correspondentes Consulares Honor\u00e1rios (Jo\u00e3o Pessoa, Natal, Macei\u00f3 e Porto Seguro).<\/p>\n<p style=\"font-weight: 400; text-align: justify;\">Dois estados n\u00e3o s\u00e3o atendidos por um escrit\u00f3rio de funcion\u00e1rios:\u00a0Piau\u00ed (cujos moradores podem entrar em contato com Recife) e\u00a0Sergipe (cujos moradores podem entrar em contato com Recife, Macei\u00f3 ou Salvador).<\/p>\n<p style=\"text-align: justify;\">Consultar a lista de <a href=\"https:\/\/consrecife.esteri.it\/pt\/chi-siamo\/la-rete-consolare\/consules-honorarios-e-agentes-consulares\/\">C\u00f4nsulados Honor\u00e1rios e Agentes Consulares<\/a> ou <a href=\"https:\/\/consrecife.esteri.it\/pt\/chi-siamo\/la-rete-consolare\/correspondentes-consulares\/\">Correspondentes Consulares<\/a> do Consulado de It\u00e1lia em Recife, nas se\u00e7\u00f5es \u00e0 direita.<\/p>\n<p>&nbsp;<\/p>\n<p style=\"font-weight: 400;\">\n","protected":false},"excerpt":{"rendered":"O distrito consular do Consulado da It\u00e1lia em Recife inclui os nove estados da\u00a0regi\u00e3o Nordeste do Brasil: Alagoas, Bahia, Cear\u00e1, Maranh\u00e3o, Para\u00edba, Pernambuco, Piau\u00ed, Rio Grande do Norte e Sergipe. A \u00e1rea total do Nordeste \u00e9 de 1.558.196 km\u00b2 (5,3 vezes a superf\u00edcie da It\u00e1lia) e a popula\u00e7\u00e3o \u00e9 de 53 milh\u00f5es de habitantes. Al\u00e9m [&hellip;]","protected":false},"author":3,"featured_media":0,"parent":33,"menu_order":10,"comment_status":"closed","ping_status":"closed","template":"","meta":{"footnotes":""},"class_list":["post-89","page","type-page","status-publish","hentry"],"_links":{"self":[{"href":"https:\/\/consrecife.esteri.it\/pt\/wp-json\/wp\/v2\/pages\/89","targetHints":{"allow":["GET"]}}],"collection":[{"href":"https:\/\/consrecife.esteri.it\/pt\/wp-json\/wp\/v2\/pages"}],"about":[{"href":"https:\/\/consrecife.esteri.it\/pt\/wp-json\/wp\/v2\/types\/page"}],"author":[{"embeddable":true,"href":"https:\/\/consrecife.esteri.it\/pt\/wp-json\/wp\/v2\/users\/3"}],"replies":[{"embeddable":true,"href":"https:\/\/consrecife.esteri.it\/pt\/wp-json\/wp\/v2\/comments?post=89"}],"version-history":[{"count":0,"href":"https:\/\/consrecife.esteri.it\/pt\/wp-json\/wp\/v2\/pages\/89\/revisions"}],"up":[{"embeddable":true,"href":"https:\/\/consrecife.esteri.it\/pt\/wp-json\/wp\/v2\/pages\/33"}],"wp:attachment":[{"href":"https:\/\/consrecife.esteri.it\/pt\/wp-json\/wp\/v2\/media?parent=89"}],"curies":[{"name":"wp","href":"https:\/\/api.w.org\/{rel}","templated":true}]}}