{"id":942,"date":"2023-01-27T14:51:43","date_gmt":"2023-01-27T13:51:43","guid":{"rendered":"https:\/\/consrecife.esteri.it\/?page_id=942"},"modified":"2025-03-18T15:43:13","modified_gmt":"2025-03-18T18:43:13","slug":"consules-honorarios-e-agentes-consulares","status":"publish","type":"page","link":"https:\/\/consrecife.esteri.it\/pt\/chi-siamo\/la-rete-consolare\/consules-honorarios-e-agentes-consulares\/","title":{"rendered":"C\u00f4nsules honor\u00e1rios e Agentes consulares"},"content":{"rendered":"<p><strong>FORTALEZA &#8211; CONSULADO HONOR\u00c1RIO<\/strong><\/p>\n<p><strong>C\u00f4nsul Honor\u00e1rio<\/strong>: SIG. VITTORIO GHIA<\/p>\n<p><strong>Endere\u00e7o<\/strong>: Rua Vicente Linhares, 521 &#8211; Sala 2010. Aldeota. Mudo. Centro de Neg\u00f3cios de Santana. Fortaleza &#8211; CE. CEP 60135-270<\/p>\n<p><strong>Cell<\/strong>: +55 (85) 3273-2606. Segundas, quartas e sextas-feiras das 14h \u00e0s 17h Email.<\/p>\n<p><strong>Cell. de emerg\u00eancia<\/strong>: +55 (85) 98892-7355<\/p>\n<p>N\u00famero a chamar apenas em casos de EMERG\u00caNCIA EXTREME e REAL (acidentes graves, deten\u00e7\u00f5es, mortes, etc.) envolvendo CIDAD\u00c3OS ITALIANOS.<\/p>\n<p><strong>N.B.:<\/strong> este n\u00famero n\u00e3o fornece informa\u00e7\u00f5es sobre cidadania, passaportes, vistos ou outros servi\u00e7os consulares. Para tais informa\u00e7\u00f5es, consultar as p\u00e1ginas relevantes deste s\u00edtio.<\/p>\n<p><strong>E-mail:<\/strong> consolato@consolato-italia-fortaleza.org<\/p>\n<p><strong>Atendimento ao p\u00fablico<\/strong>: Quarta-feira das 9:00 \u00e0s 13:00 horas<\/p>\n<p><strong>Compet\u00eancia territorial<\/strong>: Cear\u00e1<\/p>\n<p><a href=\"https:\/\/consrecife.esteri.it\/consolato_recife\/resource\/img\/2020\/12\/decreto_limitazione_funzioni_-_c.o._fortaleza.pdf\">Ver o Decreto de Limita\u00e7\u00e3o de Fun\u00e7\u00f5es do Consulado Honor\u00e1rio de Fortaleza<\/a><\/p>\n<p>&nbsp;<\/p>\n<p><strong>SALVADOR \u2013 CONSOLATO ONORARIO<\/strong><\/p>\n<p><strong>C\u00f4nsul Honor\u00e1rio<\/strong>: SIG. ANDREA GARZIERA<\/p>\n<p><strong>Endere\u00e7o<\/strong>: Avenida Sete de Setembro, 1238 &#8211; Campo Grande &#8211; CEP 40080-001 &#8211; Salvador, BA.<\/p>\n<p><strong>Cell. de emerg\u00eancia:<\/strong> +55 (71) 99234-4900. EXCLUSIVAMENTE para casos de cidad\u00e3os ITALIANOS em situa\u00e7\u00f5es de PERIGO ou de grave necessidade<\/p>\n<p><strong>N.B.<\/strong>: este n\u00famero n\u00e3o fornece informa\u00e7\u00f5es sobre cidadania, passaportes, vistos ou outros servi\u00e7os consulares. Para tais informa\u00e7\u00f5es, consultar as p\u00e1ginas relevantes deste s\u00edtio.<\/p>\n<p><strong>E-mail<\/strong>: salvador.onorario@gmail.com<\/p>\n<p><strong>Atendimento ao publico<\/strong>: Segunda-feira das 9:00 \u00e0s 15:00 horas.<\/p>\n<p><strong>Compet\u00eancia Territorial<\/strong>: Bahia.<\/p>\n<p><a href=\"https:\/\/consrecife.esteri.it\/consolato_recife\/resource\/img\/2020\/12\/decreto_limitazione_funzioni_-_c.o._salvador.pdf\">Ver o Decreto de Limita\u00e7\u00e3o de Fun\u00e7\u00f5es do Consulado Honor\u00e1rio de Salvador<\/a><\/p>\n<p>&nbsp;<\/p>\n<p><strong>S\u00c3O LU\u00cdS \u2013 AGENZIA CONSOLARE<\/strong><\/p>\n<p><strong>Agente consular<\/strong>: ING. FRANCESCO CERRATO<\/p>\n<p><strong>Endere\u00e7o<\/strong>: Avenida Dos Holandeses n\u00b014, Edf. Century, sala 2, Terreo &#8211; 65071-380 &#8211; S\u00e3o Luis\/MA.<\/p>\n<p><strong>Cell.:<\/strong> +55 (98) 970195050 &#8211;\u00a0 sexta-feira 09-12. E-mail recomendado.<\/p>\n<p><strong>Cell. de emerg\u00eancia:<\/strong> +55 (98) 985120660.<\/p>\n<p>N\u00famero a chamar apenas em casos de EMERG\u00caNCIA EXTREME e REAL (acidentes graves, deten\u00e7\u00f5es, mortes, etc.) envolvendo CIDAD\u00c3OS ITALIANOS.<\/p>\n<p><strong>E-mail<\/strong>: circoloitaliasaoluis@gmail.com<\/p>\n<p><strong>Atendimento ao publico<\/strong>: Sextas-feiras das 9:00 horas as 12:00 horas.<\/p>\n<p><strong>Jurisdi\u00e7\u00e3o territorial:<\/strong> Maranh\u00e3o<\/p>\n<p><a href=\"https:\/\/consrecife.esteri.it\/consolato_recife\/resource\/doc\/2021\/09\/dlf_cerrato_aco_sao_luis.pdf\">Consultar o Decreto de Limita\u00e7\u00e3o de Fun\u00e7\u00f5es da Ag\u00eancia Consular de S\u00e3o Lu\u00eds<\/a><\/p>\n","protected":false},"excerpt":{"rendered":"FORTALEZA &#8211; CONSULADO HONOR\u00c1RIO C\u00f4nsul Honor\u00e1rio: SIG. VITTORIO GHIA Endere\u00e7o: Rua Vicente Linhares, 521 &#8211; Sala 2010. Aldeota. Mudo. Centro de Neg\u00f3cios de Santana. Fortaleza &#8211; CE. CEP 60135-270 Cell: +55 (85) 3273-2606. Segundas, quartas e sextas-feiras das 14h \u00e0s 17h Email. Cell. de emerg\u00eancia: +55 (85) 98892-7355 N\u00famero a chamar apenas em casos de [&hellip;]","protected":false},"author":4,"featured_media":0,"parent":89,"menu_order":0,"comment_status":"closed","ping_status":"closed","template":"","meta":{"footnotes":""},"class_list":["post-942","page","type-page","status-publish","hentry"],"_links":{"self":[{"href":"https:\/\/consrecife.esteri.it\/pt\/wp-json\/wp\/v2\/pages\/942","targetHints":{"allow":["GET"]}}],"collection":[{"href":"https:\/\/consrecife.esteri.it\/pt\/wp-json\/wp\/v2\/pages"}],"about":[{"href":"https:\/\/consrecife.esteri.it\/pt\/wp-json\/wp\/v2\/types\/page"}],"author":[{"embeddable":true,"href":"https:\/\/consrecife.esteri.it\/pt\/wp-json\/wp\/v2\/users\/4"}],"replies":[{"embeddable":true,"href":"https:\/\/consrecife.esteri.it\/pt\/wp-json\/wp\/v2\/comments?post=942"}],"version-history":[{"count":3,"href":"https:\/\/consrecife.esteri.it\/pt\/wp-json\/wp\/v2\/pages\/942\/revisions"}],"predecessor-version":[{"id":4004,"href":"https:\/\/consrecife.esteri.it\/pt\/wp-json\/wp\/v2\/pages\/942\/revisions\/4004"}],"up":[{"embeddable":true,"href":"https:\/\/consrecife.esteri.it\/pt\/wp-json\/wp\/v2\/pages\/89"}],"wp:attachment":[{"href":"https:\/\/consrecife.esteri.it\/pt\/wp-json\/wp\/v2\/media?parent=942"}],"curies":[{"name":"wp","href":"https:\/\/api.w.org\/{rel}","templated":true}]}}