{"id":944,"date":"2023-01-27T14:55:53","date_gmt":"2023-01-27T13:55:53","guid":{"rendered":"https:\/\/consrecife.esteri.it\/?page_id=944"},"modified":"2026-01-26T16:38:43","modified_gmt":"2026-01-26T19:38:43","slug":"correspondentes-consulares","status":"publish","type":"page","link":"https:\/\/consrecife.esteri.it\/pt\/chi-siamo\/la-rete-consolare\/correspondentes-consulares\/","title":{"rendered":"Correspondentes Consulares"},"content":{"rendered":"<p><strong>JO\u00c3O PESSOA<\/strong><\/p>\n<p><strong>Correspondente Consular:<\/strong> Giuliana MAZZANTI<\/p>\n<p><strong>Endere\u00e7o:<\/strong> Av. Epit\u00e1cio Pessoa, 3280, sala 211 &#8211; Jo\u00e3o Pessoa, PB<\/p>\n<p><strong>Endere\u00e7o para correspond\u00eancia em papel<\/strong>: Caixa Postal 182 &#8211; Intermeres &#8211; CEP 58310-971 &#8211; Cabedelo (PB).<\/p>\n<p><strong>Cell.<\/strong>: +55 (83)9 9909-5566<\/p>\n<p><strong>E-mail<\/strong>: consolare.giulianamazzanti@gmail.com<\/p>\n<p><strong>Atendimento ao publico<\/strong>: quartas-feiras das 15:00 \u00e0s 18:00.<\/p>\n<p><strong>Jurisdi\u00e7\u00e3o territorial<\/strong>: Para\u00edba<\/p>\n<p>&nbsp;<\/p>\n<p><strong>MACE\u00cdO<\/strong><\/p>\n<p><strong>Correspondente consular<\/strong>: Eliza ROGATO<\/p>\n<p><strong>Endere\u00e7o<\/strong>: Rua Comendador Palmeira, 242, Sl. 106 &#8211; Farol &#8211; 57.051-150 &#8211; Macei\u00f3, AL.<\/p>\n<p><strong>Cell.:<\/strong> +55 (83)9 9909-5566<\/p>\n<p><strong>E-mail:<\/strong> consmaceio@hotmail.com<\/p>\n<p><strong>Atendimento ao publico<\/strong>: de segunda a sexta-feira das 8h \u00e0s 13h e das 14h \u00e0s 17h. Recomenda-se uma nomea\u00e7\u00e3o.<\/p>\n<p><strong>Compet\u00eancia territorial<\/strong>: Alagoas<\/p>\n<p>&nbsp;<\/p>\n<p><strong>NATAL<\/strong><\/p>\n<p><strong>Correspondente Consular:<\/strong> Rino Eugenio BORDOGNA<\/p>\n<p><strong>Endere\u00e7o<\/strong>: Rua Auta de Sousa, 275 &#8211; Cidade Alta &#8211; CEP 59025-060 &#8211; Natal, RN.<\/p>\n<p><strong>Cell.<\/strong>: +55 (84) 9417-2912<\/p>\n<p><strong>E-mail<\/strong>: consolatoitalianatal@hotmail.com<\/p>\n<p><strong>Atendimento ao publico<\/strong>: Segunda a sexta-feira das 09:00 \u00e0s 12:00.<\/p>\n<p><strong>Jurisdi\u00e7\u00e3o territorial<\/strong>: Rio Grande do Norte<\/p>\n<p>&nbsp;<\/p>\n<p><strong>PORTO SEGURO<\/strong><\/p>\n<p><strong>Correspondente Consular:<\/strong>\u00a0 Laura BRIZI<\/p>\n<p><strong>Endere\u00e7o<\/strong>: Rua Monte Alto, 750, Alto de Taperapuan\u00a0 &#8211; CEP 45810-000 &#8211; Porto Seguro &#8211; BA.<\/p>\n<p><strong>Cell.:<\/strong> +55 (73) 9.88463089<\/p>\n<p><strong>E-mail:<\/strong> consolatoportoseguro@gmail.com<\/p>\n<p><strong>Atendimento ao publico<\/strong>: Quarta-feira e Quinta-feira das 8:00 as 12:00 &#8211; Recomenda-se uma nomea\u00e7\u00e3o.<\/p>\n<p><strong>Compet\u00eancia territorial:<\/strong>\u00a0 Porto Seguro.<\/p>\n","protected":false},"excerpt":{"rendered":"JO\u00c3O PESSOA Correspondente Consular: Giuliana MAZZANTI Endere\u00e7o: Av. Epit\u00e1cio Pessoa, 3280, sala 211 &#8211; Jo\u00e3o Pessoa, PB Endere\u00e7o para correspond\u00eancia em papel: Caixa Postal 182 &#8211; Intermeres &#8211; CEP 58310-971 &#8211; Cabedelo (PB). Cell.: +55 (83)9 9909-5566 E-mail: consolare.giulianamazzanti@gmail.com Atendimento ao publico: quartas-feiras das 15:00 \u00e0s 18:00. Jurisdi\u00e7\u00e3o territorial: Para\u00edba &nbsp; MACE\u00cdO Correspondente consular: Eliza [&hellip;]","protected":false},"author":4,"featured_media":0,"parent":89,"menu_order":0,"comment_status":"closed","ping_status":"closed","template":"","meta":{"footnotes":""},"class_list":["post-944","page","type-page","status-publish","hentry"],"_links":{"self":[{"href":"https:\/\/consrecife.esteri.it\/pt\/wp-json\/wp\/v2\/pages\/944","targetHints":{"allow":["GET"]}}],"collection":[{"href":"https:\/\/consrecife.esteri.it\/pt\/wp-json\/wp\/v2\/pages"}],"about":[{"href":"https:\/\/consrecife.esteri.it\/pt\/wp-json\/wp\/v2\/types\/page"}],"author":[{"embeddable":true,"href":"https:\/\/consrecife.esteri.it\/pt\/wp-json\/wp\/v2\/users\/4"}],"replies":[{"embeddable":true,"href":"https:\/\/consrecife.esteri.it\/pt\/wp-json\/wp\/v2\/comments?post=944"}],"version-history":[{"count":1,"href":"https:\/\/consrecife.esteri.it\/pt\/wp-json\/wp\/v2\/pages\/944\/revisions"}],"predecessor-version":[{"id":5390,"href":"https:\/\/consrecife.esteri.it\/pt\/wp-json\/wp\/v2\/pages\/944\/revisions\/5390"}],"up":[{"embeddable":true,"href":"https:\/\/consrecife.esteri.it\/pt\/wp-json\/wp\/v2\/pages\/89"}],"wp:attachment":[{"href":"https:\/\/consrecife.esteri.it\/pt\/wp-json\/wp\/v2\/media?parent=944"}],"curies":[{"name":"wp","href":"https:\/\/api.w.org\/{rel}","templated":true}]}}