{"id":95,"date":"2022-12-14T13:25:32","date_gmt":"2022-12-14T12:25:32","guid":{"rendered":"https:\/\/consrecife.esteri.it\/italia-e-brasile\/servizi-per-il-cittadino-straniero\/"},"modified":"2023-04-21T18:10:11","modified_gmt":"2023-04-21T16:10:11","slug":"servizi-per-il-cittadino-straniero","status":"publish","type":"page","link":"https:\/\/consrecife.esteri.it\/pt\/servizi-consolari-e-visti\/servizi-per-il-cittadino-straniero\/","title":{"rendered":"Servi\u00e7os para o cidad\u00e3o estrangeiro"},"content":{"rendered":"<p style=\"text-align: justify;\">As Embaixadas e os Consulados tamb\u00e9m prestam servi\u00e7os aos cidad\u00e3os estrangeiros. Estes incluem a emiss\u00e3o de vistos de entrada para a It\u00e1lia e ao espa\u00e7o Schengen, a emiss\u00e3o de documenta\u00e7\u00e3o administrativa e o reconhecimento da cidadania italiana.<\/p>\n<p style=\"text-align: justify;\">Al\u00e9m disso, nos casos previstos pela legisla\u00e7\u00e3o atual, as Embaixadas e os Consulados preveem a transmiss\u00e3o de atos e documentos \u00e0s autoridades italianas.<\/p>\n<p style=\"text-align: justify;\"><span style=\"text-decoration: underline;\"><strong>ATEN\u00c7\u00c3O: <em>Este Consulado n\u00e3o reconhece de forma alguma ag\u00eancias de consultoria, despachantes ou intermedi\u00e1rios de qualquer natureza para a realiza\u00e7\u00e3o de tr\u00e2mites consulares e desaconselha publicamente o uso de tais intermedi\u00e1rios, privilegiando a comunica\u00e7\u00e3o direta e transparente com quem necessita de aux\u00edlio. Todas as instru\u00e7\u00f5es necess\u00e1rias para solicitar tais servi\u00e7os consulares neste local est\u00e3o dispon\u00edveis neste site.<\/em><\/strong><\/span><\/p>\n","protected":false},"excerpt":{"rendered":"As Embaixadas e os Consulados tamb\u00e9m prestam servi\u00e7os aos cidad\u00e3os estrangeiros. Estes incluem a emiss\u00e3o de vistos de entrada para a It\u00e1lia e ao espa\u00e7o Schengen, a emiss\u00e3o de documenta\u00e7\u00e3o administrativa e o reconhecimento da cidadania italiana. Al\u00e9m disso, nos casos previstos pela legisla\u00e7\u00e3o atual, as Embaixadas e os Consulados preveem a transmiss\u00e3o de atos [&hellip;]","protected":false},"author":3,"featured_media":0,"parent":32,"menu_order":2,"comment_status":"closed","ping_status":"closed","template":"","meta":{"footnotes":""},"class_list":["post-95","page","type-page","status-publish","hentry"],"_links":{"self":[{"href":"https:\/\/consrecife.esteri.it\/pt\/wp-json\/wp\/v2\/pages\/95","targetHints":{"allow":["GET"]}}],"collection":[{"href":"https:\/\/consrecife.esteri.it\/pt\/wp-json\/wp\/v2\/pages"}],"about":[{"href":"https:\/\/consrecife.esteri.it\/pt\/wp-json\/wp\/v2\/types\/page"}],"author":[{"embeddable":true,"href":"https:\/\/consrecife.esteri.it\/pt\/wp-json\/wp\/v2\/users\/3"}],"replies":[{"embeddable":true,"href":"https:\/\/consrecife.esteri.it\/pt\/wp-json\/wp\/v2\/comments?post=95"}],"version-history":[{"count":0,"href":"https:\/\/consrecife.esteri.it\/pt\/wp-json\/wp\/v2\/pages\/95\/revisions"}],"up":[{"embeddable":true,"href":"https:\/\/consrecife.esteri.it\/pt\/wp-json\/wp\/v2\/pages\/32"}],"wp:attachment":[{"href":"https:\/\/consrecife.esteri.it\/pt\/wp-json\/wp\/v2\/media?parent=95"}],"curies":[{"name":"wp","href":"https:\/\/api.w.org\/{rel}","templated":true}]}}