{"id":959,"date":"2023-01-27T15:51:23","date_gmt":"2023-01-27T14:51:23","guid":{"rendered":"https:\/\/consrecife.esteri.it\/?page_id=959"},"modified":"2023-04-24T23:28:24","modified_gmt":"2023-04-24T21:28:24","slug":"albo-enti-gestori-registro-dos-entes-gestores-associados-para-o-desenvolvimento-de-cursos-de-lingua-e-cultura-italiana","status":"publish","type":"page","link":"https:\/\/consrecife.esteri.it\/pt\/servizi-consolari-e-visti\/servizi-per-il-cittadino-italiano\/altri-servizi\/albo-consolare\/albo-enti-gestori-registro-dos-entes-gestores-associados-para-o-desenvolvimento-de-cursos-de-lingua-e-cultura-italiana\/","title":{"rendered":"Albo Enti Gestori (Registro dos entes gestores associados) para o desenvolvimento de cursos de l\u00edngua e cultura italiana"},"content":{"rendered":"<p style=\"text-align: justify;\">Estabelecimento do Albo Enti Gestori para o registo volunt\u00e1rio de organiza\u00e7\u00f5es sem fins lucrativos interessadas em aderir \u00e0s organiza\u00e7\u00f5es que promovem iniciativas a favor da l\u00edngua e cultura italianas.<\/p>\n<p><a href=\"https:\/\/consrecife.esteri.it\/consolato_recife\/resource\/doc\/2022\/07\/decreto_n._02_2020_del_08.10.2020.pdf\">DECRETO n.02\/2020 DEL 08\/10\/2020<\/a><\/p>\n<p><a href=\"https:\/\/consrecife.esteri.it\/consolato_recife\/resource\/doc\/2022\/07\/formulari_iscrizione_albo_consolare.pdf\">RICHIESTA ISCRIZIONE ALL\u2019ALBO CONSOLARE DEGLI ENTI GESTORI\/PROMOTORI e ANAGRAFICA DELL\u2019ENTE RICHIEDENTE (All. 1)<\/a><\/p>\n<p><a href=\"https:\/\/consrecife.esteri.it\/consolato_recife\/resource\/doc\/2022\/07\/albo_consolare_degli_enti_gestori_promotori.pdf\">ALBO CONSOLARE DEGLI ENTI GESTORI\/PROMOTORI<\/a><\/p>\n","protected":false},"excerpt":{"rendered":"Estabelecimento do Albo Enti Gestori para o registo volunt\u00e1rio de organiza\u00e7\u00f5es sem fins lucrativos interessadas em aderir \u00e0s organiza\u00e7\u00f5es que promovem iniciativas a favor da l\u00edngua e cultura italianas. DECRETO n.02\/2020 DEL 08\/10\/2020 RICHIESTA ISCRIZIONE ALL\u2019ALBO CONSOLARE DEGLI ENTI GESTORI\/PROMOTORI e ANAGRAFICA DELL\u2019ENTE RICHIEDENTE (All. 1) ALBO CONSOLARE DEGLI ENTI GESTORI\/PROMOTORI","protected":false},"author":4,"featured_media":0,"parent":152,"menu_order":0,"comment_status":"closed","ping_status":"closed","template":"","meta":{"footnotes":""},"class_list":["post-959","page","type-page","status-publish","hentry"],"_links":{"self":[{"href":"https:\/\/consrecife.esteri.it\/pt\/wp-json\/wp\/v2\/pages\/959","targetHints":{"allow":["GET"]}}],"collection":[{"href":"https:\/\/consrecife.esteri.it\/pt\/wp-json\/wp\/v2\/pages"}],"about":[{"href":"https:\/\/consrecife.esteri.it\/pt\/wp-json\/wp\/v2\/types\/page"}],"author":[{"embeddable":true,"href":"https:\/\/consrecife.esteri.it\/pt\/wp-json\/wp\/v2\/users\/4"}],"replies":[{"embeddable":true,"href":"https:\/\/consrecife.esteri.it\/pt\/wp-json\/wp\/v2\/comments?post=959"}],"version-history":[{"count":0,"href":"https:\/\/consrecife.esteri.it\/pt\/wp-json\/wp\/v2\/pages\/959\/revisions"}],"up":[{"embeddable":true,"href":"https:\/\/consrecife.esteri.it\/pt\/wp-json\/wp\/v2\/pages\/152"}],"wp:attachment":[{"href":"https:\/\/consrecife.esteri.it\/pt\/wp-json\/wp\/v2\/media?parent=959"}],"curies":[{"name":"wp","href":"https:\/\/api.w.org\/{rel}","templated":true}]}}