{"id":961,"date":"2023-01-27T15:53:57","date_gmt":"2023-01-27T14:53:57","guid":{"rendered":"https:\/\/consrecife.esteri.it\/?page_id=961"},"modified":"2023-01-27T15:53:57","modified_gmt":"2023-01-27T14:53:57","slug":"edital-licitacao","status":"publish","type":"page","link":"https:\/\/consrecife.esteri.it\/pt\/chi-siamo\/la-sede\/edital-de-publicao\/edital-licitacao\/","title":{"rendered":"Edital licita\u00e7\u00e3o"},"content":{"rendered":"<p style=\"text-align: justify;\">03\/01\/2023 &#8211; An\u00fancio de concurso (bando di gara) para a celebra\u00e7\u00e3o de um acordo-quadro para a contrata\u00e7\u00e3o de trabalho tempor\u00e1rio para dactilografia e servi\u00e7os similares.<\/p>\n<p><a href=\"https:\/\/consrecife.esteri.it\/consolato_recife\/resource\/doc\/2023\/01\/avviso_di_gara_1.2023.pdf\">Bando di Gara<\/a><\/p>\n<p><a href=\"https:\/\/consrecife.esteri.it\/consolato_recife\/resource\/doc\/2023\/01\/allegato_1-_modello_di_accordo_quadro.pdf\">Allegato 1- Modello di Accordo-Quadro<\/a><\/p>\n<p><a href=\"https:\/\/consrecife.esteri.it\/consolato_recife\/resource\/doc\/2023\/01\/allegato_2-_specifiche_tecniche.pdf\">Allegato 2- Specifiche tecniche<\/a><\/p>\n<p><a href=\"https:\/\/consrecife.esteri.it\/consolato_recife\/resource\/doc\/2023\/01\/allegato_3-_documento_unico_dei_requisiti_word.docx\">Allegato 3- Documento unico dei requisiti<\/a><\/p>\n<p><a href=\"https:\/\/consrecife.esteri.it\/consolato_recife\/resource\/doc\/2023\/01\/allegato_4-_trattamento_dei_dati_personali_word.docx\">Allegato 4- Trattamento dati personali<\/a><\/p>\n","protected":false},"excerpt":{"rendered":"03\/01\/2023 &#8211; An\u00fancio de concurso (bando di gara) para a celebra\u00e7\u00e3o de um acordo-quadro para a contrata\u00e7\u00e3o de trabalho tempor\u00e1rio para dactilografia e servi\u00e7os similares. Bando di Gara Allegato 1- Modello di Accordo-Quadro Allegato 2- Specifiche tecniche Allegato 3- Documento unico dei requisiti Allegato 4- Trattamento dati personali","protected":false},"author":4,"featured_media":0,"parent":953,"menu_order":0,"comment_status":"closed","ping_status":"closed","template":"","meta":{"footnotes":""},"class_list":["post-961","page","type-page","status-publish","hentry"],"_links":{"self":[{"href":"https:\/\/consrecife.esteri.it\/pt\/wp-json\/wp\/v2\/pages\/961","targetHints":{"allow":["GET"]}}],"collection":[{"href":"https:\/\/consrecife.esteri.it\/pt\/wp-json\/wp\/v2\/pages"}],"about":[{"href":"https:\/\/consrecife.esteri.it\/pt\/wp-json\/wp\/v2\/types\/page"}],"author":[{"embeddable":true,"href":"https:\/\/consrecife.esteri.it\/pt\/wp-json\/wp\/v2\/users\/4"}],"replies":[{"embeddable":true,"href":"https:\/\/consrecife.esteri.it\/pt\/wp-json\/wp\/v2\/comments?post=961"}],"version-history":[{"count":0,"href":"https:\/\/consrecife.esteri.it\/pt\/wp-json\/wp\/v2\/pages\/961\/revisions"}],"up":[{"embeddable":true,"href":"https:\/\/consrecife.esteri.it\/pt\/wp-json\/wp\/v2\/pages\/953"}],"wp:attachment":[{"href":"https:\/\/consrecife.esteri.it\/pt\/wp-json\/wp\/v2\/media?parent=961"}],"curies":[{"name":"wp","href":"https:\/\/api.w.org\/{rel}","templated":true}]}}