{"id":963,"date":"2023-01-27T15:56:24","date_gmt":"2023-01-27T14:56:24","guid":{"rendered":"https:\/\/consrecife.esteri.it\/?page_id=963"},"modified":"2023-01-27T15:56:24","modified_gmt":"2023-01-27T14:56:24","slug":"edital-de-concurso","status":"publish","type":"page","link":"https:\/\/consrecife.esteri.it\/pt\/chi-siamo\/la-sede\/edital-de-publicao\/edital-de-concurso\/","title":{"rendered":"Edital de concurso"},"content":{"rendered":"<p>Edital de concurso<\/p>\n<p>09\/12\/2022 &#8211; AN\u00daNCIO DE SELEC\u00c7\u00c3O DE UM EMPREGADO COM CONTRATO TEMPOR\u00c1RIO PARA TRABALHAR COMO ASSISTENTE ADMINISTRATIVO<\/p>\n<p><a href=\"https:\/\/consrecife.esteri.it\/consolato_recife\/resource\/doc\/2022\/12\/avviso_di_selezione_contratto_temporaneo.pdf\">Testo del bando<\/a><\/p>\n<p>23\/11\/2022 &#8211; AN\u00daNCIO DE SELEC\u00c7\u00c3O DE UM EMPREGADO COM CONTRATO TEMPOR\u00c1RIO PARA SERVI\u00c7OS DE ASSISTENTE ADMINISTRATIVO<\/p>\n<p><a href=\"https:\/\/consrecife.esteri.it\/consolato_recife\/resource\/img\/2022\/11\/avviso_di_selezione_impiegato_a_contratto_temporaneo.pdf\">Testo del bando<\/a><\/p>\n<p>28\/07\/2022 &#8211; AN\u00daNCIO DE RECRUTAMENTO DE UM EMPREGADO CONTRATADO PARA SERVI\u00c7OS DE ASSISTENTE ADMINISTRATIVO<\/p>\n<p><a href=\"https:\/\/consrecife.esteri.it\/consolato_recife\/resource\/doc\/2022\/07\/avviso_di_assunzione_di_1_impiegato_a_contratto.pdf\">Testo del bando<\/a><\/p>\n<p><a href=\"https:\/\/consrecife.esteri.it\/consolato_recife\/resource\/doc\/2022\/07\/domanda_di_partecipazione.pdf\">Domanda di partecipazione<\/a><\/p>\n<p><a href=\"https:\/\/consrecife.esteri.it\/consolato_recife\/resource\/doc\/2022\/09\/atto_di_nomina_della_commissione.pdf\" target=\"_blank\" rel=\"noopener\">Atto di nomina dei membri della Commissione<\/a><\/p>\n<p><a href=\"https:\/\/consrecife.esteri.it\/consolato_recife\/resource\/img\/2022\/11\/calendario_prove_desame.pdf\"><strong>Verbale 2- Calendario delle nuove prove d\u2019esame<\/strong><\/a><\/p>\n<p><a href=\"https:\/\/consrecife.esteri.it\/consolato_recife\/resource\/doc\/2022\/12\/graduatoria_finale.pdf\"><strong>Graduatoria finale degli idonei<\/strong><\/a><\/p>\n","protected":false},"excerpt":{"rendered":"Edital de concurso 09\/12\/2022 &#8211; AN\u00daNCIO DE SELEC\u00c7\u00c3O DE UM EMPREGADO COM CONTRATO TEMPOR\u00c1RIO PARA TRABALHAR COMO ASSISTENTE ADMINISTRATIVO Testo del bando 23\/11\/2022 &#8211; AN\u00daNCIO DE SELEC\u00c7\u00c3O DE UM EMPREGADO COM CONTRATO TEMPOR\u00c1RIO PARA SERVI\u00c7OS DE ASSISTENTE ADMINISTRATIVO Testo del bando 28\/07\/2022 &#8211; AN\u00daNCIO DE RECRUTAMENTO DE UM EMPREGADO CONTRATADO PARA SERVI\u00c7OS DE ASSISTENTE ADMINISTRATIVO [&hellip;]","protected":false},"author":4,"featured_media":0,"parent":953,"menu_order":0,"comment_status":"closed","ping_status":"closed","template":"","meta":{"footnotes":""},"class_list":["post-963","page","type-page","status-publish","hentry"],"_links":{"self":[{"href":"https:\/\/consrecife.esteri.it\/pt\/wp-json\/wp\/v2\/pages\/963","targetHints":{"allow":["GET"]}}],"collection":[{"href":"https:\/\/consrecife.esteri.it\/pt\/wp-json\/wp\/v2\/pages"}],"about":[{"href":"https:\/\/consrecife.esteri.it\/pt\/wp-json\/wp\/v2\/types\/page"}],"author":[{"embeddable":true,"href":"https:\/\/consrecife.esteri.it\/pt\/wp-json\/wp\/v2\/users\/4"}],"replies":[{"embeddable":true,"href":"https:\/\/consrecife.esteri.it\/pt\/wp-json\/wp\/v2\/comments?post=963"}],"version-history":[{"count":0,"href":"https:\/\/consrecife.esteri.it\/pt\/wp-json\/wp\/v2\/pages\/963\/revisions"}],"up":[{"embeddable":true,"href":"https:\/\/consrecife.esteri.it\/pt\/wp-json\/wp\/v2\/pages\/953"}],"wp:attachment":[{"href":"https:\/\/consrecife.esteri.it\/pt\/wp-json\/wp\/v2\/media?parent=963"}],"curies":[{"name":"wp","href":"https:\/\/api.w.org\/{rel}","templated":true}]}}